{"id":700,"date":"2021-08-25T05:57:21","date_gmt":"2021-08-25T05:57:21","guid":{"rendered":"http:\/\/www.artesaniadelarioja.org\/conservas-juker\/?post_type=product&#038;p=700"},"modified":"2024-06-27T08:01:01","modified_gmt":"2024-06-27T08:01:01","slug":"fabada-asturiana-450ml","status":"publish","type":"product","link":"https:\/\/www.artesaniadelarioja.org\/conservas-juker\/producto\/fabada-asturiana-450ml\/","title":{"rendered":"Fabada Asturiana 450ml"},"content":{"rendered":"<p><span style=\"text-decoration: underline;\">Ingredientes:<\/span> Alubia, agua, tomate triturado (tomate, sal y acidulante: \u00e1cido c\u00edtrico), chorizo, morcilla, panceta, bacon, aceite de oliva, cebolla, <strong>harina de<\/strong> <strong>trigo<\/strong>, sal, piment\u00f3n y ajo.<\/p>\n<p><span style=\"text-decoration: underline;\">Envase:<\/span> 450ml\u00a0 \/\u00a0 <span style=\"text-decoration: underline;\">Peso neto:<\/span> 430g<\/p>\n<p><span style=\"text-decoration: underline;\">Valores nutricionales medios por 100g de producto:<\/span> Valor energ\u00e9tico:\u00a0 640,6 KJ \u2013 153,9 Kcal\u00a0<span style=\"color: #ff9900;\"> \/\/\u00a0<\/span> Grasas: 9,10g. de las cuales saturadas: 3,44g\u00a0<span style=\"color: #ff9900;\"> \/\/\u00a0<\/span> Hidratos de Carbono: 9,7g de los cuales az\u00facares: &lt;0,50g\u00a0<span style=\"color: #ff9900;\"> \/\/\u00a0<\/span> Fibra Alimentaria: 4,2g\u00a0 <span style=\"color: #ff9900;\">\/\/<\/span> Prote\u00ednas: 6,2g\u00a0<span style=\"color: #ff9900;\"> \/\/\u00a0<\/span> Sal: 1,06g<\/p>\n<p><span style=\"text-decoration: underline;\">Almacenamiento y conservaci\u00f3n:<\/span> Antes de abrir: evitar golpes que provoquen perdida del vac\u00edo. Proteger de la humedad, de la luz directa del sol y temperaturas extremas. Despu\u00e9s de abrir: conservar refrigerado y consumir en un plazo de tres d\u00edas.<\/p>\n<p>Alubia blanca cocida al modo casero y guarnici\u00f3n de chorizo, morcilla, panceta y bacon, tra\u00eddos directamente desde Asturias. Un plato asturiano cocinado con productos asturianos.<\/p>\n","protected":false},"excerpt":{"rendered":"<p>Ingredientes: Alubia, agua, tomate triturado (tomate, sal y acidulante: \u00e1cido c\u00edtrico), chorizo, morcilla, panceta, bacon, aceite de oliva, cebolla, harina de trigo, sal, piment\u00f3n y ajo. Envase: 450ml\u00a0 \/\u00a0 Peso neto: 430g Valores nutricionales medios por 100g de producto: Valor energ\u00e9tico:\u00a0 640,6 KJ \u2013 153,9 Kcal\u00a0 \/\/\u00a0 Grasas: 9,10g. de las cuales saturadas: 3,44g\u00a0 \/\/\u00a0 [&hellip;]<\/p>\n","protected":false},"featured_media":701,"comment_status":"open","ping_status":"closed","template":"","meta":[],"product_cat":[15],"product_tag":[80,55,54],"class_list":["post-700","product","type-product","status-publish","has-post-thumbnail","hentry","product_cat-cocinados","product_tag-450ml","product_tag-asturiana","product_tag-fabada"],"_links":{"self":[{"href":"https:\/\/www.artesaniadelarioja.org\/conservas-juker\/wp-json\/wp\/v2\/product\/700","targetHints":{"allow":["GET"]}}],"collection":[{"href":"https:\/\/www.artesaniadelarioja.org\/conservas-juker\/wp-json\/wp\/v2\/product"}],"about":[{"href":"https:\/\/www.artesaniadelarioja.org\/conservas-juker\/wp-json\/wp\/v2\/types\/product"}],"replies":[{"embeddable":true,"href":"https:\/\/www.artesaniadelarioja.org\/conservas-juker\/wp-json\/wp\/v2\/comments?post=700"}],"wp:featuredmedia":[{"embeddable":true,"href":"https:\/\/www.artesaniadelarioja.org\/conservas-juker\/wp-json\/wp\/v2\/media\/701"}],"wp:attachment":[{"href":"https:\/\/www.artesaniadelarioja.org\/conservas-juker\/wp-json\/wp\/v2\/media?parent=700"}],"wp:term":[{"taxonomy":"product_cat","embeddable":true,"href":"https:\/\/www.artesaniadelarioja.org\/conservas-juker\/wp-json\/wp\/v2\/product_cat?post=700"},{"taxonomy":"product_tag","embeddable":true,"href":"https:\/\/www.artesaniadelarioja.org\/conservas-juker\/wp-json\/wp\/v2\/product_tag?post=700"}],"curies":[{"name":"wp","href":"https:\/\/api.w.org\/{rel}","templated":true}]}}