{"id":698,"date":"2021-08-25T05:52:35","date_gmt":"2021-08-25T05:52:35","guid":{"rendered":"http:\/\/www.artesaniadelarioja.org\/conservas-juker\/?post_type=product&#038;p=698"},"modified":"2026-04-20T09:32:30","modified_gmt":"2026-04-20T09:32:30","slug":"judion-con-almejas-450ml","status":"publish","type":"product","link":"https:\/\/www.artesaniadelarioja.org\/conservas-juker\/producto\/judion-con-almejas-450ml\/","title":{"rendered":"Judi\u00f3n con Almejas 450ml"},"content":{"rendered":"<p><span style=\"text-decoration: underline;\">Ingredientes:<\/span> Judi\u00f3n (52%), <strong>almeja<\/strong> (17%), caldo de pescado y marisco (agua, <strong>gamba <\/strong>y<strong> congrio)<\/strong>, tomate triturado (tomate, sal y acidulante: \u00e1cido c\u00edtrico), aceite de oliva, cebolla, sal, ajo en pasta (ajo y sal) y antioxidantes (\u00e1cido c\u00edtrico y <strong>metabisulfito de sodio<\/strong>).<\/p>\n<p>Contiene: <strong>MOLUSCOS, CRUST\u00c1CEOS, PESCADO Y SULFITOS.<\/strong><\/p>\n<p><span style=\"text-decoration: underline;\">Envase:<\/span> 450ml\u00a0 \/\u00a0 <span style=\"text-decoration: underline;\">Peso neto:<\/span> 450g<\/p>\n<p><span style=\"text-decoration: underline;\">Valores nutricionales medios por 100g de producto:<\/span> Valor energ\u00e9tico:\u00a0 397,3 KJ \u2013 95,2 Kcal\u00a0 <span style=\"color: #ff9900;\">\/\/\u00a0<\/span> Grasas: 4,20g. de las cuales saturadas: 0,72g\u00a0<span style=\"color: #ff9900;\"> \/\/\u00a0<\/span> Hidratos de Carbono: 7,80g de los cuales az\u00facares: 0,54g\u00a0<span style=\"color: #ff9900;\"> \/\/\u00a0<\/span> Fibra Alimentaria: 4,10g\u00a0 <span style=\"color: #ff9900;\">\/\/<\/span> Prote\u00ednas: 4,50g\u00a0 <span style=\"color: #ff9900;\">\/\/\u00a0<\/span> Sal: 0,54g<\/p>\n<p><span style=\"text-decoration: underline;\">Almacenamiento y conservaci\u00f3n:<\/span> Antes de abrir: evitar golpes que provoquen perdida del vac\u00edo. Proteger de la humedad, de la luz directa del sol y temperaturas extremas. Despu\u00e9s de abrir: conservar refrigerado y consumir en un plazo de tres d\u00edas.<\/p>\n<p>Producto cocinado al estilo tradicional.Solo es necesario calentar antes de consumir.<\/p>\n","protected":false},"excerpt":{"rendered":"<p>Ingredientes: Judi\u00f3n (52%), almeja (17%), caldo de pescado y marisco (agua, gamba y congrio), tomate triturado (tomate, sal y acidulante: \u00e1cido c\u00edtrico), aceite de oliva, cebolla, sal, ajo en pasta (ajo y sal) y antioxidantes (\u00e1cido c\u00edtrico y metabisulfito de sodio). Contiene: MOLUSCOS, CRUST\u00c1CEOS, PESCADO Y SULFITOS. Envase: 450ml\u00a0 \/\u00a0 Peso neto: 450g Valores nutricionales [&hellip;]<\/p>\n","protected":false},"featured_media":699,"comment_status":"open","ping_status":"closed","template":"","meta":[],"product_cat":[15],"product_tag":[80,57,56],"class_list":["post-698","product","type-product","status-publish","has-post-thumbnail","hentry","product_cat-cocinados","product_tag-450ml","product_tag-almejas","product_tag-judion"],"_links":{"self":[{"href":"https:\/\/www.artesaniadelarioja.org\/conservas-juker\/wp-json\/wp\/v2\/product\/698","targetHints":{"allow":["GET"]}}],"collection":[{"href":"https:\/\/www.artesaniadelarioja.org\/conservas-juker\/wp-json\/wp\/v2\/product"}],"about":[{"href":"https:\/\/www.artesaniadelarioja.org\/conservas-juker\/wp-json\/wp\/v2\/types\/product"}],"replies":[{"embeddable":true,"href":"https:\/\/www.artesaniadelarioja.org\/conservas-juker\/wp-json\/wp\/v2\/comments?post=698"}],"wp:featuredmedia":[{"embeddable":true,"href":"https:\/\/www.artesaniadelarioja.org\/conservas-juker\/wp-json\/wp\/v2\/media\/699"}],"wp:attachment":[{"href":"https:\/\/www.artesaniadelarioja.org\/conservas-juker\/wp-json\/wp\/v2\/media?parent=698"}],"wp:term":[{"taxonomy":"product_cat","embeddable":true,"href":"https:\/\/www.artesaniadelarioja.org\/conservas-juker\/wp-json\/wp\/v2\/product_cat?post=698"},{"taxonomy":"product_tag","embeddable":true,"href":"https:\/\/www.artesaniadelarioja.org\/conservas-juker\/wp-json\/wp\/v2\/product_tag?post=698"}],"curies":[{"name":"wp","href":"https:\/\/api.w.org\/{rel}","templated":true}]}}