{"id":696,"date":"2021-08-25T05:45:58","date_gmt":"2021-08-25T05:45:58","guid":{"rendered":"http:\/\/www.artesaniadelarioja.org\/conservas-juker\/?post_type=product&#038;p=696"},"modified":"2025-04-23T12:29:06","modified_gmt":"2025-04-23T12:29:06","slug":"alubia-negra-con-rabo-de-toro-450ml","status":"publish","type":"product","link":"https:\/\/www.artesaniadelarioja.org\/conservas-juker\/producto\/alubia-negra-con-rabo-de-toro-450ml\/","title":{"rendered":"Alubia Negra con Rabo de Toro 450ml"},"content":{"rendered":"<p><span style=\"text-decoration: underline;\">Ingredientes:<\/span> Rabo de vacuno (27%), alubia negra (14%), aceite de oliva, chorizo, cebolla, sal y ajo.<\/p>\n<p>Puede contener trazas de: <strong>SULFITOS.<\/strong><\/p>\n<p><span style=\"text-decoration: underline;\">Envase:<\/span> 450ml\u00a0 \/\u00a0 <span style=\"text-decoration: underline;\">Peso neto:<\/span> 430g<\/p>\n<p><span style=\"text-decoration: underline;\">Valores nutricionales medios por 100g de producto:<\/span> Valor energ\u00e9tico:\u00a0 656,1 KJ \u2013 157,5 Kcal\u00a0 <span style=\"color: #ff9900;\">\/\/\u00a0<\/span> Grasas: 9,1g. de las cuales saturadas: 3,67g\u00a0<span style=\"color: #ff9900;\"> \/\/\u00a0<\/span> Hidratos de Carbono: 7,3g de los cuales az\u00facares: &lt;0,50g\u00a0<span style=\"color: #ff9900;\"> \/\/\u00a0<\/span> Fibra Alimentaria: 3,8g\u00a0<span style=\"color: #ff9900;\"> \/\/<\/span> Prote\u00ednas: 9,7g\u00a0<span style=\"color: #ff9900;\"> \/\/\u00a0<\/span> Sal: 0,96g<\/p>\n<p><span style=\"text-decoration: underline;\">Almacenamiento y conservaci\u00f3n:<\/span> Antes de abrir: evitar golpes que provoquen perdida del vac\u00edo. Proteger de la humedad, de la luz directa del sol y temperaturas extremas. Despu\u00e9s de abrir: conservar refrigerado y consumir en un plazo de tres d\u00edas.<\/p>\n<p>Plato cocinado. Solo es necesario calentarlo antes de consumir. Ingredientes naturales, sin conservantes ni colorantes.<\/p>\n","protected":false},"excerpt":{"rendered":"<p>Ingredientes: Rabo de vacuno (27%), alubia negra (14%), aceite de oliva, chorizo, cebolla, sal y ajo. Puede contener trazas de: SULFITOS. Envase: 450ml\u00a0 \/\u00a0 Peso neto: 430g Valores nutricionales medios por 100g de producto: Valor energ\u00e9tico:\u00a0 656,1 KJ \u2013 157,5 Kcal\u00a0 \/\/\u00a0 Grasas: 9,1g. de las cuales saturadas: 3,67g\u00a0 \/\/\u00a0 Hidratos de Carbono: 7,3g de [&hellip;]<\/p>\n","protected":false},"featured_media":697,"comment_status":"open","ping_status":"closed","template":"","meta":[],"product_cat":[15],"product_tag":[80,174,175],"class_list":["post-696","product","type-product","status-publish","has-post-thumbnail","hentry","product_cat-cocinados","product_tag-450ml","product_tag-alubia-negra","product_tag-rabo-toro"],"_links":{"self":[{"href":"https:\/\/www.artesaniadelarioja.org\/conservas-juker\/wp-json\/wp\/v2\/product\/696","targetHints":{"allow":["GET"]}}],"collection":[{"href":"https:\/\/www.artesaniadelarioja.org\/conservas-juker\/wp-json\/wp\/v2\/product"}],"about":[{"href":"https:\/\/www.artesaniadelarioja.org\/conservas-juker\/wp-json\/wp\/v2\/types\/product"}],"replies":[{"embeddable":true,"href":"https:\/\/www.artesaniadelarioja.org\/conservas-juker\/wp-json\/wp\/v2\/comments?post=696"}],"wp:featuredmedia":[{"embeddable":true,"href":"https:\/\/www.artesaniadelarioja.org\/conservas-juker\/wp-json\/wp\/v2\/media\/697"}],"wp:attachment":[{"href":"https:\/\/www.artesaniadelarioja.org\/conservas-juker\/wp-json\/wp\/v2\/media?parent=696"}],"wp:term":[{"taxonomy":"product_cat","embeddable":true,"href":"https:\/\/www.artesaniadelarioja.org\/conservas-juker\/wp-json\/wp\/v2\/product_cat?post=696"},{"taxonomy":"product_tag","embeddable":true,"href":"https:\/\/www.artesaniadelarioja.org\/conservas-juker\/wp-json\/wp\/v2\/product_tag?post=696"}],"curies":[{"name":"wp","href":"https:\/\/api.w.org\/{rel}","templated":true}]}}