{"id":690,"date":"2021-08-25T05:25:08","date_gmt":"2021-08-25T05:25:08","guid":{"rendered":"http:\/\/www.artesaniadelarioja.org\/conservas-juker\/?post_type=product&#038;p=690"},"modified":"2025-06-12T11:11:31","modified_gmt":"2025-06-12T11:11:31","slug":"chocolate-negro-con-arandanos","status":"publish","type":"product","link":"https:\/\/www.artesaniadelarioja.org\/conservas-juker\/producto\/chocolate-negro-con-arandanos\/","title":{"rendered":"Chocolate Negro con Ar\u00e1ndanos"},"content":{"rendered":"<p><span style=\"text-decoration: underline;\">Ingredientes:<\/span> Pasta de cacao, az\u00facar, manteca de cacao, ar\u00e1ndanos (15%) (ar\u00e1ndanos, az\u00facar y aceite de girasol), emulgente (lecitina de <strong>soja<\/strong>) y aroma de vainilla. Cacao m\u00ednimo: 85%.<\/p>\n<p><span style=\"text-decoration: underline;\">Peso neto:<\/span> 125g<\/p>\n<p><span style=\"text-decoration: underline;\">Valores nutricionales medios por 100g de producto:<\/span> Valor energ\u00e9tico:\u00a0 2132,90 KJ \u2013 508,70 Kcal\u00a0<span style=\"color: #ff9900;\"> \/\/\u00a0<\/span> Grasas: 26,62g de las cuales saturadas: 20,29g\u00a0<span style=\"color: #ff9900;\"> \/\/\u00a0<\/span> Hidratos de Carbono: 54,52g de los cuales az\u00facares: 32,36g\u00a0 <span style=\"color: #ff9900;\">\/\/\u00a0<\/span> Prote\u00ednas: 12,26g\u00a0 <span style=\"color: #ff9900;\">\/\/<\/span>\u00a0 Sal: 0,260g<\/p>\n<p><span style=\"text-decoration: underline;\">Almacenamiento y conservaci\u00f3n:<\/span> Proteger de la humedad, de la luz directa del sol y temperaturas extremas<\/p>\n","protected":false},"excerpt":{"rendered":"<p>Ingredientes: Pasta de cacao, az\u00facar, manteca de cacao, ar\u00e1ndanos (15%) (ar\u00e1ndanos, az\u00facar y aceite de girasol), emulgente (lecitina de soja) y aroma de vainilla. Cacao m\u00ednimo: 85%. Peso neto: 125g Valores nutricionales medios por 100g de producto: Valor energ\u00e9tico:\u00a0 2132,90 KJ \u2013 508,70 Kcal\u00a0 \/\/\u00a0 Grasas: 26,62g de las cuales saturadas: 20,29g\u00a0 \/\/\u00a0 Hidratos de [&hellip;]<\/p>\n","protected":false},"featured_media":691,"comment_status":"open","ping_status":"closed","template":"","meta":[],"product_cat":[75],"product_tag":[168,77,165,172],"class_list":["post-690","product","type-product","status-publish","has-post-thumbnail","hentry","product_cat-pastas","product_tag-125g","product_tag-arandanos","product_tag-chocolate","product_tag-negro"],"_links":{"self":[{"href":"https:\/\/www.artesaniadelarioja.org\/conservas-juker\/wp-json\/wp\/v2\/product\/690","targetHints":{"allow":["GET"]}}],"collection":[{"href":"https:\/\/www.artesaniadelarioja.org\/conservas-juker\/wp-json\/wp\/v2\/product"}],"about":[{"href":"https:\/\/www.artesaniadelarioja.org\/conservas-juker\/wp-json\/wp\/v2\/types\/product"}],"replies":[{"embeddable":true,"href":"https:\/\/www.artesaniadelarioja.org\/conservas-juker\/wp-json\/wp\/v2\/comments?post=690"}],"wp:featuredmedia":[{"embeddable":true,"href":"https:\/\/www.artesaniadelarioja.org\/conservas-juker\/wp-json\/wp\/v2\/media\/691"}],"wp:attachment":[{"href":"https:\/\/www.artesaniadelarioja.org\/conservas-juker\/wp-json\/wp\/v2\/media?parent=690"}],"wp:term":[{"taxonomy":"product_cat","embeddable":true,"href":"https:\/\/www.artesaniadelarioja.org\/conservas-juker\/wp-json\/wp\/v2\/product_cat?post=690"},{"taxonomy":"product_tag","embeddable":true,"href":"https:\/\/www.artesaniadelarioja.org\/conservas-juker\/wp-json\/wp\/v2\/product_tag?post=690"}],"curies":[{"name":"wp","href":"https:\/\/api.w.org\/{rel}","templated":true}]}}