{"id":680,"date":"2021-08-24T12:46:37","date_gmt":"2021-08-24T12:46:37","guid":{"rendered":"http:\/\/www.artesaniadelarioja.org\/conservas-juker\/?post_type=product&#038;p=680"},"modified":"2026-02-04T07:17:41","modified_gmt":"2026-02-04T07:17:41","slug":"acelga-720ml","status":"publish","type":"product","link":"https:\/\/www.artesaniadelarioja.org\/conservas-juker\/producto\/acelga-720ml\/","title":{"rendered":"Acelga 720ml"},"content":{"rendered":"<p><span style=\"text-decoration: underline;\">Ingredientes: <\/span>Acelga (64%), agua (33,8%), sal (2%), acidulante: \u00e1cido c\u00edtrico (0,1%) y antioxidante: \u00e1cido asc\u00f3rbico (0,1%).<\/p>\n<p><span style=\"text-decoration: underline;\">Envase:<\/span> 720ml\u00a0 \/\u00a0 <span style=\"text-decoration: underline;\">Peso neto:<\/span> 660g\u00a0 \/\u00a0 <span style=\"text-decoration: underline;\">Peso escurrido:<\/span> 425g<\/p>\n<p><span style=\"text-decoration: underline;\">Valores nutricionales medios por 100g de producto:<\/span> Valor energ\u00e9tico: 37 KJ \u2013 9 Kcal <span style=\"color: #ff9900;\">\/\/<\/span>\u00a0 Grasas: &lt;0,50g de las cuales saturadas: 0g\u00a0<span style=\"color: #ff9900;\"> \/\/\u00a0<\/span> Hidratos de Carbono: 1,0g de los cuales az\u00facares: &lt;0,50g\u00a0<span style=\"color: #ff9900;\"> \/\/\u00a0<\/span> Fibra Alimentaria: 1,2g\u00a0 <span style=\"color: #ff9900;\">\/\/<\/span> Prote\u00ednas: 0,7g\u00a0<span style=\"color: #ff9900;\"> \/\/\u00a0<\/span> Sal: 0,87g<\/p>\n<p><span style=\"text-decoration: underline;\">Almacenamiento y conservaci\u00f3n:<\/span> Antes de abrir: evitar golpes que provoquen perdida del vac\u00edo. Proteger de la humedad, de la luz directa del sol y temperaturas extremas. Despu\u00e9s de abrir: conservar refrigerado y consumir en un plazo de cuatro d\u00edas.<\/p>\n<p>&nbsp;<\/p>\n","protected":false},"excerpt":{"rendered":"<p>Ingredientes: Acelga (64%), agua (33,8%), sal (2%), acidulante: \u00e1cido c\u00edtrico (0,1%) y antioxidante: \u00e1cido asc\u00f3rbico (0,1%). Envase: 720ml\u00a0 \/\u00a0 Peso neto: 660g\u00a0 \/\u00a0 Peso escurrido: 425g Valores nutricionales medios por 100g de producto: Valor energ\u00e9tico: 37 KJ \u2013 9 Kcal \/\/\u00a0 Grasas: &lt;0,50g de las cuales saturadas: 0g\u00a0 \/\/\u00a0 Hidratos de Carbono: 1,0g de los [&hellip;]<\/p>\n","protected":false},"featured_media":681,"comment_status":"open","ping_status":"closed","template":"","meta":[],"product_cat":[11],"product_tag":[163,33],"class_list":["post-680","product","type-product","status-publish","has-post-thumbnail","hentry","product_cat-verduras","product_tag-163","product_tag-acelga"],"_links":{"self":[{"href":"https:\/\/www.artesaniadelarioja.org\/conservas-juker\/wp-json\/wp\/v2\/product\/680","targetHints":{"allow":["GET"]}}],"collection":[{"href":"https:\/\/www.artesaniadelarioja.org\/conservas-juker\/wp-json\/wp\/v2\/product"}],"about":[{"href":"https:\/\/www.artesaniadelarioja.org\/conservas-juker\/wp-json\/wp\/v2\/types\/product"}],"replies":[{"embeddable":true,"href":"https:\/\/www.artesaniadelarioja.org\/conservas-juker\/wp-json\/wp\/v2\/comments?post=680"}],"wp:featuredmedia":[{"embeddable":true,"href":"https:\/\/www.artesaniadelarioja.org\/conservas-juker\/wp-json\/wp\/v2\/media\/681"}],"wp:attachment":[{"href":"https:\/\/www.artesaniadelarioja.org\/conservas-juker\/wp-json\/wp\/v2\/media?parent=680"}],"wp:term":[{"taxonomy":"product_cat","embeddable":true,"href":"https:\/\/www.artesaniadelarioja.org\/conservas-juker\/wp-json\/wp\/v2\/product_cat?post=680"},{"taxonomy":"product_tag","embeddable":true,"href":"https:\/\/www.artesaniadelarioja.org\/conservas-juker\/wp-json\/wp\/v2\/product_tag?post=680"}],"curies":[{"name":"wp","href":"https:\/\/api.w.org\/{rel}","templated":true}]}}