{"id":667,"date":"2021-08-24T05:49:54","date_gmt":"2021-08-24T05:49:54","guid":{"rendered":"http:\/\/www.artesaniadelarioja.org\/conservas-juker\/?post_type=product&#038;p=667"},"modified":"2025-04-23T07:14:47","modified_gmt":"2025-04-23T07:14:47","slug":"caldo-de-cocido-785ml","status":"publish","type":"product","link":"https:\/\/www.artesaniadelarioja.org\/conservas-juker\/producto\/caldo-de-cocido-785ml\/","title":{"rendered":"Caldo de Cocido 785ml"},"content":{"rendered":"<p><span style=\"text-decoration: underline;\">Ingredientes:<\/span>\u00a0Agua, hueso de cerdo, gallina, cebolla, carcasa de pollo, hueso de jam\u00f3n, garbanzo, patata, puerro, sal, zanahoria y col.<\/p>\n<p>Puede contener trazas de: <strong>LACTEOS, SULFITOS, PESCADO <\/strong>y<strong> CRUSTACEO<\/strong><\/p>\n<p><span style=\"text-decoration: underline;\">Envase:<\/span> 785ml\u00a0 \/\u00a0 <span style=\"text-decoration: underline;\">Peso neto:<\/span> 750g<\/p>\n<p><span style=\"text-decoration: underline;\">Valores nutricionales medios por 100g de producto:<\/span> Valor energ\u00e9tico:\u00a0 64,5 KJ \u2013 15,5 Kcal\u00a0 <span style=\"color: #ff9900;\">\/\/\u00a0<\/span> Grasas: 0,99g. de las cuales saturadas: 0,35g\u00a0<span style=\"color: #ff9900;\"> \/\/\u00a0<\/span> Hidratos de Carbono: &lt;0,50g de los cuales az\u00facares: &lt;0,50g\u00a0 <span style=\"color: #ff9900;\">\/\/\u00a0<\/span> Fibra Alimentaria: &lt;0,50g\u00a0<span style=\"color: #ff9900;\"> \/\/<\/span> Prote\u00ednas: 1,64g\u00a0<span style=\"color: #ff9900;\"> \/\/\u00a0<\/span> Sal: 1,07g<\/p>\n<p><span style=\"text-decoration: underline;\">Almacenamiento y conservaci\u00f3n:<\/span> Antes de abrir: evitar golpes que provoquen perdida del vac\u00edo. Proteger de la humedad, de la luz directa del sol y temperaturas extremas. Despu\u00e9s de abrir: conservar refrigerado y consumir en un plazo de cuatro d\u00edas.<\/p>\n<p>&nbsp;<\/p>\n<p>Se consume caliente. Ideal como caldo base para cualquier guiso o la cocci\u00f3n de arroz y la elaboraci\u00f3n de sopas con pasta.<\/p>\n","protected":false},"excerpt":{"rendered":"<p>Ingredientes:\u00a0Agua, hueso de cerdo, gallina, cebolla, carcasa de pollo, hueso de jam\u00f3n, garbanzo, patata, puerro, sal, zanahoria y col. Puede contener trazas de: LACTEOS, SULFITOS, PESCADO y CRUSTACEO Envase: 785ml\u00a0 \/\u00a0 Peso neto: 750g Valores nutricionales medios por 100g de producto: Valor energ\u00e9tico:\u00a0 64,5 KJ \u2013 15,5 Kcal\u00a0 \/\/\u00a0 Grasas: 0,99g. de las cuales saturadas: [&hellip;]<\/p>\n","protected":false},"featured_media":668,"comment_status":"open","ping_status":"closed","template":"","meta":[],"product_cat":[13],"product_tag":[131,34,84],"class_list":["post-667","product","type-product","status-publish","has-post-thumbnail","hentry","product_cat-salsas-caldos","product_tag-785ml","product_tag-caldo","product_tag-cocido"],"_links":{"self":[{"href":"https:\/\/www.artesaniadelarioja.org\/conservas-juker\/wp-json\/wp\/v2\/product\/667","targetHints":{"allow":["GET"]}}],"collection":[{"href":"https:\/\/www.artesaniadelarioja.org\/conservas-juker\/wp-json\/wp\/v2\/product"}],"about":[{"href":"https:\/\/www.artesaniadelarioja.org\/conservas-juker\/wp-json\/wp\/v2\/types\/product"}],"replies":[{"embeddable":true,"href":"https:\/\/www.artesaniadelarioja.org\/conservas-juker\/wp-json\/wp\/v2\/comments?post=667"}],"wp:featuredmedia":[{"embeddable":true,"href":"https:\/\/www.artesaniadelarioja.org\/conservas-juker\/wp-json\/wp\/v2\/media\/668"}],"wp:attachment":[{"href":"https:\/\/www.artesaniadelarioja.org\/conservas-juker\/wp-json\/wp\/v2\/media?parent=667"}],"wp:term":[{"taxonomy":"product_cat","embeddable":true,"href":"https:\/\/www.artesaniadelarioja.org\/conservas-juker\/wp-json\/wp\/v2\/product_cat?post=667"},{"taxonomy":"product_tag","embeddable":true,"href":"https:\/\/www.artesaniadelarioja.org\/conservas-juker\/wp-json\/wp\/v2\/product_tag?post=667"}],"curies":[{"name":"wp","href":"https:\/\/api.w.org\/{rel}","templated":true}]}}