{"id":347,"date":"2018-03-01T07:45:26","date_gmt":"2018-03-01T07:45:26","guid":{"rendered":"http:\/\/www.artesaniadelarioja.org\/conservas-juker\/?post_type=product&#038;p=347"},"modified":"2025-04-23T07:40:32","modified_gmt":"2025-04-23T07:40:32","slug":"crema-de-verduras-2","status":"publish","type":"product","link":"https:\/\/www.artesaniadelarioja.org\/conservas-juker\/producto\/crema-de-verduras-2\/","title":{"rendered":"Crema de Verduras 350ml"},"content":{"rendered":"<p><span style=\"text-decoration: underline;\">Ingredientes:<\/span>\u00a0Agua, patata 30%, jud\u00eda verde 4%, espinaca 4%, caldo de verduras 3% (agua, jud\u00eda verde, puerro, cebolla, espinaca, zanahoria, calabac\u00edn, garbanzo, patata y sal), aceite de oliva y sal.<\/p>\n<p>Puede contener trazas de: <strong>LACTEOS y SULFITOS<\/strong><\/p>\n<div class=\"gmail_default\">\n<p><span style=\"text-decoration: underline;\">Envase:<\/span> 345ml\u00a0 \/\u00a0 <span style=\"text-decoration: underline;\">Peso neto:<\/span> 315g<\/p>\n<p><span style=\"text-decoration: underline;\">Valores nutricionales medios por 100g de producto:<\/span> Valor energ\u00e9tico:\u00a0 201,6 KJ \u2013 48 Kcal\u00a0<span style=\"color: #ff9900;\"> \/\/\u00a0<\/span> Grasas: 1,7g. de las cuales saturadas: 0,33g\u00a0<span style=\"color: #ff9900;\"> \/\/\u00a0<\/span> Hidratos de Carbono: 7g de los cuales az\u00facares: &lt;0,50g\u00a0<span style=\"color: #ff9900;\"> \/\/\u00a0<\/span> Fibra Alimentaria: 0,82g\u00a0<span style=\"color: #ff9900;\"> \/\/<\/span> Prote\u00ednas: 0,77g\u00a0<span style=\"color: #ff9900;\"> \/\/\u00a0<\/span> Sal: 0,53g<\/p>\n<p><span style=\"text-decoration: underline;\">Almacenamiento y conservaci\u00f3n:<\/span> Antes de abrir: evitar golpes que provoquen perdida del vac\u00edo. Proteger de la humedad, de la luz directa del sol y temperaturas extremas. Despu\u00e9s de abrir: conservar refrigerado y consumir en un plazo de tres d\u00edas.<\/p>\n<\/div>\n<p>Nutritiva crema de hortalizas y verduras frescas con todas las propiedades naturales de cada una de ellas. Libre de clolorantes y conservantes.<\/p>\n<p>&nbsp;<\/p>\n","protected":false},"excerpt":{"rendered":"<p>Ingredientes:\u00a0Agua, patata 30%, jud\u00eda verde 4%, espinaca 4%, caldo de verduras 3% (agua, jud\u00eda verde, puerro, cebolla, espinaca, zanahoria, calabac\u00edn, garbanzo, patata y sal), aceite de oliva y sal. Puede contener trazas de: LACTEOS y SULFITOS Envase: 345ml\u00a0 \/\u00a0 Peso neto: 315g Valores nutricionales medios por 100g de producto: Valor energ\u00e9tico:\u00a0 201,6 KJ \u2013 48 [&hellip;]<\/p>\n","protected":false},"featured_media":418,"comment_status":"open","ping_status":"closed","template":"","meta":[],"product_cat":[13],"product_tag":[92,42,28],"class_list":["post-347","product","type-product","status-publish","has-post-thumbnail","hentry","product_cat-salsas-caldos","product_tag-345ml","product_tag-crema","product_tag-verduras"],"_links":{"self":[{"href":"https:\/\/www.artesaniadelarioja.org\/conservas-juker\/wp-json\/wp\/v2\/product\/347","targetHints":{"allow":["GET"]}}],"collection":[{"href":"https:\/\/www.artesaniadelarioja.org\/conservas-juker\/wp-json\/wp\/v2\/product"}],"about":[{"href":"https:\/\/www.artesaniadelarioja.org\/conservas-juker\/wp-json\/wp\/v2\/types\/product"}],"replies":[{"embeddable":true,"href":"https:\/\/www.artesaniadelarioja.org\/conservas-juker\/wp-json\/wp\/v2\/comments?post=347"}],"wp:featuredmedia":[{"embeddable":true,"href":"https:\/\/www.artesaniadelarioja.org\/conservas-juker\/wp-json\/wp\/v2\/media\/418"}],"wp:attachment":[{"href":"https:\/\/www.artesaniadelarioja.org\/conservas-juker\/wp-json\/wp\/v2\/media?parent=347"}],"wp:term":[{"taxonomy":"product_cat","embeddable":true,"href":"https:\/\/www.artesaniadelarioja.org\/conservas-juker\/wp-json\/wp\/v2\/product_cat?post=347"},{"taxonomy":"product_tag","embeddable":true,"href":"https:\/\/www.artesaniadelarioja.org\/conservas-juker\/wp-json\/wp\/v2\/product_tag?post=347"}],"curies":[{"name":"wp","href":"https:\/\/api.w.org\/{rel}","templated":true}]}}