{"id":340,"date":"2018-03-01T07:29:40","date_gmt":"2018-03-01T07:29:40","guid":{"rendered":"http:\/\/www.artesaniadelarioja.org\/conservas-juker\/?post_type=product&#038;p=340"},"modified":"2026-04-20T09:53:56","modified_gmt":"2026-04-20T09:53:56","slug":"crema-de-calabaza","status":"publish","type":"product","link":"https:\/\/www.artesaniadelarioja.org\/conservas-juker\/producto\/crema-de-calabaza\/","title":{"rendered":"Crema de Calabaza 500ml"},"content":{"rendered":"<p><span style=\"text-decoration: underline;\">Ingredientes:<\/span><\/p>\n<p>Calabaza (55%), agua de cocci\u00f3n, cebolla, puerro, zanahoria, aceite de oliva<strong>, <\/strong>almid\u00f3n modificado de ma\u00edz, pasta de ajo (ajo, acidulante: \u00e1cido c\u00edtrico), sal, estabilizantes (goma guar y goma xantana) y pimienta negra.<\/p>\n<p>Sin al\u00e9rgenos. Sin colorantes.<\/p>\n<p><span style=\"text-decoration: underline;\">Envase:<\/span> 500ml\u00a0 \/\u00a0 <span style=\"text-decoration: underline;\">Peso neto:<\/span> 490g<\/p>\n<p><span style=\"text-decoration: underline;\">Valores nutricionales medios por 100g de producto:<\/span> Valor energ\u00e9tico:\u00a0 205 KJ \u2013 49 Kcal\u00a0 <span style=\"color: #ff9900;\">\/\/<\/span>\u00a0 Grasas: 2,2g. de las cuales saturadas: 0,3g\u00a0 <span style=\"color: #ff9900;\">\/\/<\/span>\u00a0 Hidratos de Carbono: 5,4g de los cuales az\u00facares: 3,5g\u00a0 <span style=\"color: #ff9900;\">\/\/<\/span>\u00a0 Fibra Alimentaria: 1,3g\u00a0 <span style=\"color: #ff9900;\">\/\/<\/span> Prote\u00ednas: 1,2g\u00a0 <span style=\"color: #ff9900;\">\/\/\u00a0<\/span> Sal: 0,79g<\/p>\n<p><span style=\"text-decoration: underline;\">Almacenamiento y conservaci\u00f3n:<\/span> Antes de abrir: evitar golpes que provoquen perdida del vac\u00edo. Proteger de la humedad, de la luz directa del sol y temperaturas extremas. Despu\u00e9s de abrir: conservar refrigerado y consumir en un plazo de tres d\u00edas.<\/p>\n<p>&nbsp;<\/p>\n<p>Todas las propiedades de la calabaza en esta suave crema, rica en vitamina C y fibra para cuidar tu salud.<\/p>\n","protected":false},"excerpt":{"rendered":"<p>Ingredientes: Calabaza (55%), agua de cocci\u00f3n, cebolla, puerro, zanahoria, aceite de oliva, almid\u00f3n modificado de ma\u00edz, pasta de ajo (ajo, acidulante: \u00e1cido c\u00edtrico), sal, estabilizantes (goma guar y goma xantana) y pimienta negra. Sin al\u00e9rgenos. Sin colorantes. Envase: 500ml\u00a0 \/\u00a0 Peso neto: 490g Valores nutricionales medios por 100g de producto: Valor energ\u00e9tico:\u00a0 205 KJ \u2013 [&hellip;]<\/p>\n","protected":false},"featured_media":647,"comment_status":"open","ping_status":"closed","template":"","meta":[],"product_cat":[13],"product_tag":[129,134,42],"class_list":["post-340","product","type-product","status-publish","has-post-thumbnail","hentry","product_cat-salsas-caldos","product_tag-500ml","product_tag-calabaza","product_tag-crema"],"_links":{"self":[{"href":"https:\/\/www.artesaniadelarioja.org\/conservas-juker\/wp-json\/wp\/v2\/product\/340","targetHints":{"allow":["GET"]}}],"collection":[{"href":"https:\/\/www.artesaniadelarioja.org\/conservas-juker\/wp-json\/wp\/v2\/product"}],"about":[{"href":"https:\/\/www.artesaniadelarioja.org\/conservas-juker\/wp-json\/wp\/v2\/types\/product"}],"replies":[{"embeddable":true,"href":"https:\/\/www.artesaniadelarioja.org\/conservas-juker\/wp-json\/wp\/v2\/comments?post=340"}],"wp:featuredmedia":[{"embeddable":true,"href":"https:\/\/www.artesaniadelarioja.org\/conservas-juker\/wp-json\/wp\/v2\/media\/647"}],"wp:attachment":[{"href":"https:\/\/www.artesaniadelarioja.org\/conservas-juker\/wp-json\/wp\/v2\/media?parent=340"}],"wp:term":[{"taxonomy":"product_cat","embeddable":true,"href":"https:\/\/www.artesaniadelarioja.org\/conservas-juker\/wp-json\/wp\/v2\/product_cat?post=340"},{"taxonomy":"product_tag","embeddable":true,"href":"https:\/\/www.artesaniadelarioja.org\/conservas-juker\/wp-json\/wp\/v2\/product_tag?post=340"}],"curies":[{"name":"wp","href":"https:\/\/api.w.org\/{rel}","templated":true}]}}