{"id":324,"date":"2018-03-07T06:55:23","date_gmt":"2018-03-07T06:55:23","guid":{"rendered":"http:\/\/www.artesaniadelarioja.org\/conservas-juker\/?post_type=product&#038;p=324"},"modified":"2026-03-18T07:25:46","modified_gmt":"2026-03-18T07:25:46","slug":"esparrago-blanco-extra-68-frutos","status":"publish","type":"product","link":"https:\/\/www.artesaniadelarioja.org\/conservas-juker\/producto\/esparrago-blanco-extra-68-frutos\/","title":{"rendered":"Esp\u00e1rrago Blanco Extra 6\/8 frutos 425ml"},"content":{"rendered":"<p><span style=\"text-decoration: underline;\">Ingredientes:<\/span> Esp\u00e1rragos, agua, sal y acidulante: \u00e1cido c\u00edtrico.<\/p>\n<p><span style=\"text-decoration: underline;\">Envase:<\/span> lata rectangular 425ml\u00a0 \u00a0 \/\u00a0 <span style=\"text-decoration: underline;\">Peso neto:<\/span> 390g\u00a0 \/\u00a0 <span style=\"text-decoration: underline;\">Peso escurrido:<\/span> 250g<\/p>\n<p><span style=\"text-decoration: underline;\">Valores nutricionales medios por 100g de producto:<\/span> Valor energ\u00e9tico: 37,8 KJ \u2013 8,9 Kcal<span style=\"color: #ff9900;\"> \/\/<\/span>\u00a0 Grasas: &lt;0,50g de las cuales saturadas: 0g\u00a0<span style=\"color: #ff9900;\"> \/\/\u00a0<\/span> Hidratos de Carbono: 2,4g de los cuales az\u00facares: 0,9g\u00a0<span style=\"color: #ff9900;\"> \/\/\u00a0<\/span> Fibra Alimentaria: 1,6g\u00a0<span style=\"color: #ff9900;\"> \/\/<\/span> Prote\u00ednas: 1,3g\u00a0 <span style=\"color: #ff9900;\">\/\/<\/span>\u00a0 Sal: 0,6g<\/p>\n<p><span style=\"text-decoration: underline;\">Almacenamiento y conservaci\u00f3n:<\/span> Antes de abrir: evitar golpes que provoquen perdida del vac\u00edo. Proteger de la humedad, de la luz directa del sol y temperaturas extremas. Despu\u00e9s de abrir: conservar refrigerado y consumir en un plazo de cuatro d\u00edas.<\/p>\n<p>Esp\u00e1rragos blancos extra 6\/8 frutos muy gruesos de primera calidad, pelados a mano cuidadosamente, recolectados en la huerta riojana.<\/p>\n","protected":false},"excerpt":{"rendered":"<p>Ingredientes: Esp\u00e1rragos, agua, sal y acidulante: \u00e1cido c\u00edtrico. Envase: lata rectangular 425ml\u00a0 \u00a0 \/\u00a0 Peso neto: 390g\u00a0 \/\u00a0 Peso escurrido: 250g Valores nutricionales medios por 100g de producto: Valor energ\u00e9tico: 37,8 KJ \u2013 8,9 Kcal \/\/\u00a0 Grasas: &lt;0,50g de las cuales saturadas: 0g\u00a0 \/\/\u00a0 Hidratos de Carbono: 2,4g de los cuales az\u00facares: 0,9g\u00a0 \/\/\u00a0 Fibra [&hellip;]<\/p>\n","protected":false},"featured_media":411,"comment_status":"open","ping_status":"closed","template":"","meta":[],"product_cat":[11],"product_tag":[116,120,118,117,18,119],"class_list":["post-324","product","type-product","status-publish","has-post-thumbnail","hentry","product_cat-verduras","product_tag-425ml","product_tag-68frutos","product_tag-blanco","product_tag-esparrago","product_tag-extra","product_tag-grueso"],"_links":{"self":[{"href":"https:\/\/www.artesaniadelarioja.org\/conservas-juker\/wp-json\/wp\/v2\/product\/324","targetHints":{"allow":["GET"]}}],"collection":[{"href":"https:\/\/www.artesaniadelarioja.org\/conservas-juker\/wp-json\/wp\/v2\/product"}],"about":[{"href":"https:\/\/www.artesaniadelarioja.org\/conservas-juker\/wp-json\/wp\/v2\/types\/product"}],"replies":[{"embeddable":true,"href":"https:\/\/www.artesaniadelarioja.org\/conservas-juker\/wp-json\/wp\/v2\/comments?post=324"}],"wp:featuredmedia":[{"embeddable":true,"href":"https:\/\/www.artesaniadelarioja.org\/conservas-juker\/wp-json\/wp\/v2\/media\/411"}],"wp:attachment":[{"href":"https:\/\/www.artesaniadelarioja.org\/conservas-juker\/wp-json\/wp\/v2\/media?parent=324"}],"wp:term":[{"taxonomy":"product_cat","embeddable":true,"href":"https:\/\/www.artesaniadelarioja.org\/conservas-juker\/wp-json\/wp\/v2\/product_cat?post=324"},{"taxonomy":"product_tag","embeddable":true,"href":"https:\/\/www.artesaniadelarioja.org\/conservas-juker\/wp-json\/wp\/v2\/product_tag?post=324"}],"curies":[{"name":"wp","href":"https:\/\/api.w.org\/{rel}","templated":true}]}}