{"id":315,"date":"2018-03-07T06:56:14","date_gmt":"2018-03-07T06:56:14","guid":{"rendered":"http:\/\/www.artesaniadelarioja.org\/conservas-juker\/?post_type=product&#038;p=315"},"modified":"2026-03-18T07:26:33","modified_gmt":"2026-03-18T07:26:33","slug":"borraja-extra","status":"publish","type":"product","link":"https:\/\/www.artesaniadelarioja.org\/conservas-juker\/producto\/borraja-extra\/","title":{"rendered":"Borraja Extra 720ml"},"content":{"rendered":"<p><span style=\"text-decoration: underline;\">Ingredientes:<\/span>\u00a0Borraja, agua y sal.<\/p>\n<p>Puede contener trazas de: <strong>LACTEOS y SULFITOS.<\/strong><\/p>\n<p><span style=\"text-decoration: underline;\">Envase:<\/span> 720ml\u00a0 \/\u00a0 <span style=\"text-decoration: underline;\">Peso neto:<\/span> 660g\u00a0 \/\u00a0 <span style=\"text-decoration: underline;\">Peso escurrido:<\/span> 400g<\/p>\n<p><span style=\"text-decoration: underline;\">Valores nutricionales medios por 100g de producto:<\/span> Valor energ\u00e9tico: 60 KJ \u2013 14 Kcal <span style=\"color: #ff9900;\">\/\/\u00a0<\/span> Grasas: &lt;0,50g de las cuales saturadas: 0g\u00a0 <span style=\"color: #ff9900;\">\/\/\u00a0<\/span> Hidratos de Carbono: 2,20g de los cuales az\u00facares: &lt;0,50g\u00a0 <span style=\"color: #ff9900;\">\/\/\u00a0<\/span> Fibra Alimentaria: 0g\u00a0 <span style=\"color: #ff9900;\">\/\/<\/span> Prote\u00ednas: 1,3g\u00a0 <span style=\"color: #ff9900;\">\/\/\u00a0<\/span> Sal: 0,84g<\/p>\n<p><span style=\"text-decoration: underline;\">Almacenamiento y conservaci\u00f3n:<\/span> Antes de abrir: evitar golpes que provoquen perdida del vac\u00edo. Proteger de la humedad, de la luz directa del sol y temperaturas extremas. Despu\u00e9s de abrir: conservar refrigerado y consumir en un plazo de cuatro d\u00edas.<\/p>\n<p>Borraja de primera calidad, recolectada en la huerta riojana. Pelada y troceada a mano. Sin duda, la reina de las verduras.<\/p>\n","protected":false},"excerpt":{"rendered":"<p>Ingredientes:\u00a0Borraja, agua y sal. Puede contener trazas de: LACTEOS y SULFITOS. Envase: 720ml\u00a0 \/\u00a0 Peso neto: 660g\u00a0 \/\u00a0 Peso escurrido: 400g Valores nutricionales medios por 100g de producto: Valor energ\u00e9tico: 60 KJ \u2013 14 Kcal \/\/\u00a0 Grasas: &lt;0,50g de las cuales saturadas: 0g\u00a0 \/\/\u00a0 Hidratos de Carbono: 2,20g de los cuales az\u00facares: &lt;0,50g\u00a0 \/\/\u00a0 Fibra [&hellip;]<\/p>\n","protected":false},"featured_media":401,"comment_status":"open","ping_status":"closed","template":"","meta":[],"product_cat":[11],"product_tag":[64,113,18],"class_list":["post-315","product","type-product","status-publish","has-post-thumbnail","hentry","product_cat-verduras","product_tag-720ml","product_tag-borraja","product_tag-extra"],"_links":{"self":[{"href":"https:\/\/www.artesaniadelarioja.org\/conservas-juker\/wp-json\/wp\/v2\/product\/315","targetHints":{"allow":["GET"]}}],"collection":[{"href":"https:\/\/www.artesaniadelarioja.org\/conservas-juker\/wp-json\/wp\/v2\/product"}],"about":[{"href":"https:\/\/www.artesaniadelarioja.org\/conservas-juker\/wp-json\/wp\/v2\/types\/product"}],"replies":[{"embeddable":true,"href":"https:\/\/www.artesaniadelarioja.org\/conservas-juker\/wp-json\/wp\/v2\/comments?post=315"}],"wp:featuredmedia":[{"embeddable":true,"href":"https:\/\/www.artesaniadelarioja.org\/conservas-juker\/wp-json\/wp\/v2\/media\/401"}],"wp:attachment":[{"href":"https:\/\/www.artesaniadelarioja.org\/conservas-juker\/wp-json\/wp\/v2\/media?parent=315"}],"wp:term":[{"taxonomy":"product_cat","embeddable":true,"href":"https:\/\/www.artesaniadelarioja.org\/conservas-juker\/wp-json\/wp\/v2\/product_cat?post=315"},{"taxonomy":"product_tag","embeddable":true,"href":"https:\/\/www.artesaniadelarioja.org\/conservas-juker\/wp-json\/wp\/v2\/product_tag?post=315"}],"curies":[{"name":"wp","href":"https:\/\/api.w.org\/{rel}","templated":true}]}}