{"id":293,"date":"2018-02-28T06:51:50","date_gmt":"2018-02-28T06:51:50","guid":{"rendered":"http:\/\/www.artesaniadelarioja.org\/conservas-juker\/?post_type=product&#038;p=293"},"modified":"2025-12-23T10:14:27","modified_gmt":"2025-12-23T10:14:27","slug":"mermelada-de-reineta-extra","status":"publish","type":"product","link":"https:\/\/www.artesaniadelarioja.org\/conservas-juker\/producto\/mermelada-de-reineta-extra\/","title":{"rendered":"Mermelada de Reineta Extra"},"content":{"rendered":"<p><span style=\"text-decoration: underline;\">Ingredientes:<\/span> Manzana Reineta (57%), az\u00facar (42,5%), agua, espesante (pectina de c\u00edtricos) y zumo de lim\u00f3n.<\/p>\n<p><span style=\"text-decoration: underline;\">Envase:<\/span> 275ml\u00a0 \/\u00a0 <span style=\"text-decoration: underline;\">Peso neto:<\/span> 290g<\/p>\n<p><span style=\"text-decoration: underline;\">Valores nutricionales medios por 100g de producto:<\/span> Valor energ\u00e9tico:\u00a0 788,7 KJ \u2013 185,8 Kcal\u00a0 <span style=\"color: #ff9900;\">\/\/\u00a0<\/span> Grasas: &lt;0,50g de las cuales saturadas: 0g\u00a0<span style=\"color: #ff9900;\"> \/\/\u00a0<\/span> Hidratos de Carbono: 45,5g de los cuales az\u00facares: 42,5g\u00a0<span style=\"color: #ff9900;\"> \/\/<\/span>\u00a0 Fibra Alimentaria: 1,9g\u00a0 <span style=\"color: #ff9900;\">\/\/<\/span> Prote\u00ednas: &lt;0,50g\u00a0 <span style=\"color: #ff9900;\">\/\/<\/span>\u00a0 Sal: 0,05g<\/p>\n<p><span style=\"text-decoration: underline;\">Almacenamiento y conservaci\u00f3n:<\/span> Antes de abrir: evitar golpes que provoquen perdida del vac\u00edo. Proteger de la humedad, de la luz directa del sol y temperaturas extremas. Despu\u00e9s de abrir: conservar refrigerado y consumir en un plazo de siete d\u00edas.<\/p>\n<p>Mermelada natural de manzana reineta, elaborada sin conservantes ni colorantes a\u00f1adidos.<\/p>\n","protected":false},"excerpt":{"rendered":"<p>Ingredientes: Manzana Reineta (57%), az\u00facar (42,5%), agua, espesante (pectina de c\u00edtricos) y zumo de lim\u00f3n. Envase: 275ml\u00a0 \/\u00a0 Peso neto: 290g Valores nutricionales medios por 100g de producto: Valor energ\u00e9tico:\u00a0 788,7 KJ \u2013 185,8 Kcal\u00a0 \/\/\u00a0 Grasas: &lt;0,50g de las cuales saturadas: 0g\u00a0 \/\/\u00a0 Hidratos de Carbono: 45,5g de los cuales az\u00facares: 42,5g\u00a0 \/\/\u00a0 Fibra [&hellip;]<\/p>\n","protected":false},"featured_media":294,"comment_status":"open","ping_status":"closed","template":"","meta":[],"product_cat":[14],"product_tag":[98,18,44,108],"class_list":["post-293","product","type-product","status-publish","has-post-thumbnail","hentry","product_cat-mermeladas","product_tag-275ml","product_tag-extra","product_tag-mermelada","product_tag-reineta"],"_links":{"self":[{"href":"https:\/\/www.artesaniadelarioja.org\/conservas-juker\/wp-json\/wp\/v2\/product\/293","targetHints":{"allow":["GET"]}}],"collection":[{"href":"https:\/\/www.artesaniadelarioja.org\/conservas-juker\/wp-json\/wp\/v2\/product"}],"about":[{"href":"https:\/\/www.artesaniadelarioja.org\/conservas-juker\/wp-json\/wp\/v2\/types\/product"}],"replies":[{"embeddable":true,"href":"https:\/\/www.artesaniadelarioja.org\/conservas-juker\/wp-json\/wp\/v2\/comments?post=293"}],"wp:featuredmedia":[{"embeddable":true,"href":"https:\/\/www.artesaniadelarioja.org\/conservas-juker\/wp-json\/wp\/v2\/media\/294"}],"wp:attachment":[{"href":"https:\/\/www.artesaniadelarioja.org\/conservas-juker\/wp-json\/wp\/v2\/media?parent=293"}],"wp:term":[{"taxonomy":"product_cat","embeddable":true,"href":"https:\/\/www.artesaniadelarioja.org\/conservas-juker\/wp-json\/wp\/v2\/product_cat?post=293"},{"taxonomy":"product_tag","embeddable":true,"href":"https:\/\/www.artesaniadelarioja.org\/conservas-juker\/wp-json\/wp\/v2\/product_tag?post=293"}],"curies":[{"name":"wp","href":"https:\/\/api.w.org\/{rel}","templated":true}]}}