{"id":288,"date":"2018-02-28T06:42:35","date_gmt":"2018-02-28T06:42:35","guid":{"rendered":"http:\/\/www.artesaniadelarioja.org\/conservas-juker\/?post_type=product&#038;p=288"},"modified":"2026-04-10T11:55:47","modified_gmt":"2026-04-10T11:55:47","slug":"mermelada-de-naranja-amarga-extra","status":"publish","type":"product","link":"https:\/\/www.artesaniadelarioja.org\/conservas-juker\/producto\/mermelada-de-naranja-amarga-extra\/","title":{"rendered":"Mermelada de Naranja Amarga Extra"},"content":{"rendered":"<p><span style=\"text-decoration: underline;\">Ingredientes:<\/span> Naranja amarga, az\u00facar, espesante (pectina de c\u00edtricos) y zumo de lim\u00f3n. Elaborado con 68g. de fruta por 100g. Contenido total en az\u00facares 42g por 100g.<\/p>\n<p><span style=\"text-decoration: underline;\">Envase:<\/span> 275ml\u00a0 \/\u00a0 <span style=\"text-decoration: underline;\">Peso neto:<\/span> 290g<\/p>\n<p><span style=\"text-decoration: underline;\">Valores nutricionales medios por 100g de producto:<\/span> Valor energ\u00e9tico:\u00a0 730,2 KJ \u2013 172,1 Kcal\u00a0 <span style=\"color: #ff9900;\">\/\/<\/span>\u00a0 Grasas: &lt;0,50g de las cuales saturadas: 0g\u00a0<span style=\"color: #ff9900;\"> \/\/\u00a0<\/span> Hidratos de Carbono: 41,2g de los cuales az\u00facares: 38,5g\u00a0 <span style=\"color: #ff9900;\">\/\/<\/span>\u00a0 Fibra Alimentaria: 2,6g\u00a0 <span style=\"color: #ff9900;\">\/\/<\/span> Prote\u00ednas: 0,53g\u00a0<span style=\"color: #ff9900;\"> \/\/\u00a0<\/span> Sal: 0,03g<\/p>\n<p><span style=\"text-decoration: underline;\">Almacenamiento y conservaci\u00f3n:<\/span> Antes de abrir: evitar golpes que provoquen perdida del vac\u00edo. Proteger de la humedad, de la luz directa del sol y temperaturas extremas. Despu\u00e9s de abrir: conservar refrigerado y consumir en un plazo de siete d\u00edas.<\/p>\n<p>Mermelada natural de naranja amarga, elaborada sin conservantes ni colorantes.<\/p>\n","protected":false},"excerpt":{"rendered":"<p>Ingredientes: Naranja amarga, az\u00facar, espesante (pectina de c\u00edtricos) y zumo de lim\u00f3n. Elaborado con 68g. de fruta por 100g. Contenido total en az\u00facares 42g por 100g. Envase: 275ml\u00a0 \/\u00a0 Peso neto: 290g Valores nutricionales medios por 100g de producto: Valor energ\u00e9tico:\u00a0 730,2 KJ \u2013 172,1 Kcal\u00a0 \/\/\u00a0 Grasas: &lt;0,50g de las cuales saturadas: 0g\u00a0 \/\/\u00a0 [&hellip;]<\/p>\n","protected":false},"featured_media":289,"comment_status":"open","ping_status":"closed","template":"","meta":[],"product_cat":[14],"product_tag":[98,106,18,44,105],"class_list":["post-288","product","type-product","status-publish","has-post-thumbnail","hentry","product_cat-mermeladas","product_tag-275ml","product_tag-amarga","product_tag-extra","product_tag-mermelada","product_tag-naranja"],"_links":{"self":[{"href":"https:\/\/www.artesaniadelarioja.org\/conservas-juker\/wp-json\/wp\/v2\/product\/288","targetHints":{"allow":["GET"]}}],"collection":[{"href":"https:\/\/www.artesaniadelarioja.org\/conservas-juker\/wp-json\/wp\/v2\/product"}],"about":[{"href":"https:\/\/www.artesaniadelarioja.org\/conservas-juker\/wp-json\/wp\/v2\/types\/product"}],"replies":[{"embeddable":true,"href":"https:\/\/www.artesaniadelarioja.org\/conservas-juker\/wp-json\/wp\/v2\/comments?post=288"}],"wp:featuredmedia":[{"embeddable":true,"href":"https:\/\/www.artesaniadelarioja.org\/conservas-juker\/wp-json\/wp\/v2\/media\/289"}],"wp:attachment":[{"href":"https:\/\/www.artesaniadelarioja.org\/conservas-juker\/wp-json\/wp\/v2\/media?parent=288"}],"wp:term":[{"taxonomy":"product_cat","embeddable":true,"href":"https:\/\/www.artesaniadelarioja.org\/conservas-juker\/wp-json\/wp\/v2\/product_cat?post=288"},{"taxonomy":"product_tag","embeddable":true,"href":"https:\/\/www.artesaniadelarioja.org\/conservas-juker\/wp-json\/wp\/v2\/product_tag?post=288"}],"curies":[{"name":"wp","href":"https:\/\/api.w.org\/{rel}","templated":true}]}}