{"id":286,"date":"2018-02-28T06:39:02","date_gmt":"2018-02-28T06:39:02","guid":{"rendered":"http:\/\/www.artesaniadelarioja.org\/conservas-juker\/?post_type=product&#038;p=286"},"modified":"2026-04-13T14:12:54","modified_gmt":"2026-04-13T14:12:54","slug":"mermelada-de-naranja-extra","status":"publish","type":"product","link":"https:\/\/www.artesaniadelarioja.org\/conservas-juker\/producto\/mermelada-de-naranja-extra\/","title":{"rendered":"Mermelada de Naranja"},"content":{"rendered":"<p><span style=\"text-decoration: underline;\">Ingredientes:<\/span> Naranja, az\u00facar, agua, espesante (pectina de c\u00edtricos) y zumo de lim\u00f3n.<\/p>\n<p>Elaborado con 44g de fruta por 100g. Contenido total en az\u00facares 40g por 100g.<\/p>\n<p>Sin al\u00e9rgenos. Sin colorantes.<\/p>\n<p><span style=\"text-decoration: underline;\">Envase:<\/span> 275ml\u00a0 \/\u00a0 <span style=\"text-decoration: underline;\">Peso neto:<\/span> 290g<\/p>\n<p><span style=\"text-decoration: underline;\">Valores nutricionales medios por 100g de producto:<\/span> Valor energ\u00e9tico:\u00a0 626 KJ \u2013 147,6 Kcal\u00a0 <span style=\"color: #ff9900;\">\/\/<\/span>\u00a0 Grasas: &lt;0,50g de las cuales saturadas: 0g\u00a0<span style=\"color: #ff9900;\"> \/\/\u00a0<\/span> Hidratos de Carbono: 35g de los cuales az\u00facares: 31,83g\u00a0 <span style=\"color: #ff9900;\">\/\/<\/span>\u00a0 Fibra Alimentaria: 2,6g\u00a0 <span style=\"color: #ff9900;\">\/\/<\/span> Prote\u00ednas: 0,6g\u00a0<span style=\"color: #ff9900;\"> \/\/\u00a0<\/span> Sal: 0,03g<\/p>\n<p><span style=\"text-decoration: underline;\">Almacenamiento y conservaci\u00f3n:<\/span> Antes de abrir: evitar golpes que provoquen perdida del vac\u00edo. Proteger de la humedad, de la luz directa del sol y temperaturas extremas. Despu\u00e9s de abrir: conservar refrigerado y consumir en un plazo de siete d\u00edas.<\/p>\n<p>Mermelada natural de naranja, elaborada sin conservantes ni colorantes.<\/p>\n","protected":false},"excerpt":{"rendered":"<p>Ingredientes: Naranja, az\u00facar, agua, espesante (pectina de c\u00edtricos) y zumo de lim\u00f3n. Elaborado con 44g de fruta por 100g. Contenido total en az\u00facares 40g por 100g. Sin al\u00e9rgenos. Sin colorantes. Envase: 275ml\u00a0 \/\u00a0 Peso neto: 290g Valores nutricionales medios por 100g de producto: Valor energ\u00e9tico:\u00a0 626 KJ \u2013 147,6 Kcal\u00a0 \/\/\u00a0 Grasas: &lt;0,50g de las [&hellip;]<\/p>\n","protected":false},"featured_media":287,"comment_status":"open","ping_status":"closed","template":"","meta":[],"product_cat":[14],"product_tag":[98,18,44,105],"class_list":["post-286","product","type-product","status-publish","has-post-thumbnail","hentry","product_cat-mermeladas","product_tag-275ml","product_tag-extra","product_tag-mermelada","product_tag-naranja"],"_links":{"self":[{"href":"https:\/\/www.artesaniadelarioja.org\/conservas-juker\/wp-json\/wp\/v2\/product\/286","targetHints":{"allow":["GET"]}}],"collection":[{"href":"https:\/\/www.artesaniadelarioja.org\/conservas-juker\/wp-json\/wp\/v2\/product"}],"about":[{"href":"https:\/\/www.artesaniadelarioja.org\/conservas-juker\/wp-json\/wp\/v2\/types\/product"}],"replies":[{"embeddable":true,"href":"https:\/\/www.artesaniadelarioja.org\/conservas-juker\/wp-json\/wp\/v2\/comments?post=286"}],"wp:featuredmedia":[{"embeddable":true,"href":"https:\/\/www.artesaniadelarioja.org\/conservas-juker\/wp-json\/wp\/v2\/media\/287"}],"wp:attachment":[{"href":"https:\/\/www.artesaniadelarioja.org\/conservas-juker\/wp-json\/wp\/v2\/media?parent=286"}],"wp:term":[{"taxonomy":"product_cat","embeddable":true,"href":"https:\/\/www.artesaniadelarioja.org\/conservas-juker\/wp-json\/wp\/v2\/product_cat?post=286"},{"taxonomy":"product_tag","embeddable":true,"href":"https:\/\/www.artesaniadelarioja.org\/conservas-juker\/wp-json\/wp\/v2\/product_tag?post=286"}],"curies":[{"name":"wp","href":"https:\/\/api.w.org\/{rel}","templated":true}]}}