{"id":275,"date":"2018-02-27T08:56:19","date_gmt":"2018-02-27T08:56:19","guid":{"rendered":"http:\/\/www.artesaniadelarioja.org\/conservas-juker\/?post_type=product&#038;p=275"},"modified":"2026-04-13T14:07:16","modified_gmt":"2026-04-13T14:07:16","slug":"mermelada-de-mandarina-extra","status":"publish","type":"product","link":"https:\/\/www.artesaniadelarioja.org\/conservas-juker\/producto\/mermelada-de-mandarina-extra\/","title":{"rendered":"Mermelada de Mandarina"},"content":{"rendered":"<p><span style=\"text-decoration: underline;\">Ingredientes:<\/span> Mandarina, az\u00facar, agua, espesante (pectina de c\u00edtricos) y zumo de lim\u00f3n.<\/p>\n<p>Elaborado con 44g de fruta por 100g. Contenido total en az\u00facares 40g por 100g.<\/p>\n<p>Sin Al\u00e9rgenos. Sin colorantes.<\/p>\n<p><span style=\"text-decoration: underline;\">Envase:<\/span> 275ml\u00a0 \/\u00a0 <span style=\"text-decoration: underline;\">Peso neto:<\/span> 290g<\/p>\n<p><span style=\"text-decoration: underline;\">Valores nutricionales medios por 100g de producto:<\/span> Valor energ\u00e9tico:\u00a0 717,2 KJ \u2013 168,9 Kcal\u00a0 <span style=\"color: #ff9900;\">\/\/<\/span>\u00a0 Grasas: &lt;0,50g de las cuales saturadas: 0g\u00a0<span style=\"color: #ff9900;\"> \/\/\u00a0<\/span> Hidratos de Carbono: 41,0g de los cuales az\u00facares: 39,1g\u00a0 <span style=\"color: #ff9900;\">\/\/<\/span>\u00a0 Fibra Alimentaria: 1,4g\u00a0 <span style=\"color: #ff9900;\">\/\/<\/span> Prote\u00ednas: 0,53g\u00a0<span style=\"color: #ff9900;\"> \/\/\u00a0<\/span> Sal: 0,02g<\/p>\n<p><span style=\"text-decoration: underline;\">Almacenamiento y conservaci\u00f3n:<\/span> Antes de abrir: evitar golpes que provoquen perdida del vac\u00edo. Proteger de la humedad, de la luz directa del sol y temperaturas extremas. Despu\u00e9s de abrir: conservar refrigerado y consumir en un plazo de siete d\u00edas.<\/p>\n<p>Mermelada natural de mandarina, elaborada sin conservantes ni colorantes.<\/p>\n","protected":false},"excerpt":{"rendered":"<p>Ingredientes: Mandarina, az\u00facar, agua, espesante (pectina de c\u00edtricos) y zumo de lim\u00f3n. Elaborado con 44g de fruta por 100g. Contenido total en az\u00facares 40g por 100g. Sin Al\u00e9rgenos. Sin colorantes. Envase: 275ml\u00a0 \/\u00a0 Peso neto: 290g Valores nutricionales medios por 100g de producto: Valor energ\u00e9tico:\u00a0 717,2 KJ \u2013 168,9 Kcal\u00a0 \/\/\u00a0 Grasas: &lt;0,50g de las [&hellip;]<\/p>\n","protected":false},"featured_media":276,"comment_status":"open","ping_status":"closed","template":"","meta":[],"product_cat":[14],"product_tag":[98,18,103,44],"class_list":["post-275","product","type-product","status-publish","has-post-thumbnail","hentry","product_cat-mermeladas","product_tag-275ml","product_tag-extra","product_tag-mandarina","product_tag-mermelada"],"_links":{"self":[{"href":"https:\/\/www.artesaniadelarioja.org\/conservas-juker\/wp-json\/wp\/v2\/product\/275","targetHints":{"allow":["GET"]}}],"collection":[{"href":"https:\/\/www.artesaniadelarioja.org\/conservas-juker\/wp-json\/wp\/v2\/product"}],"about":[{"href":"https:\/\/www.artesaniadelarioja.org\/conservas-juker\/wp-json\/wp\/v2\/types\/product"}],"replies":[{"embeddable":true,"href":"https:\/\/www.artesaniadelarioja.org\/conservas-juker\/wp-json\/wp\/v2\/comments?post=275"}],"wp:featuredmedia":[{"embeddable":true,"href":"https:\/\/www.artesaniadelarioja.org\/conservas-juker\/wp-json\/wp\/v2\/media\/276"}],"wp:attachment":[{"href":"https:\/\/www.artesaniadelarioja.org\/conservas-juker\/wp-json\/wp\/v2\/media?parent=275"}],"wp:term":[{"taxonomy":"product_cat","embeddable":true,"href":"https:\/\/www.artesaniadelarioja.org\/conservas-juker\/wp-json\/wp\/v2\/product_cat?post=275"},{"taxonomy":"product_tag","embeddable":true,"href":"https:\/\/www.artesaniadelarioja.org\/conservas-juker\/wp-json\/wp\/v2\/product_tag?post=275"}],"curies":[{"name":"wp","href":"https:\/\/api.w.org\/{rel}","templated":true}]}}