{"id":265,"date":"2018-02-27T08:30:55","date_gmt":"2018-02-27T08:30:55","guid":{"rendered":"http:\/\/www.artesaniadelarioja.org\/conservas-juker\/?post_type=product&#038;p=265"},"modified":"2024-12-16T05:22:53","modified_gmt":"2024-12-16T05:22:53","slug":"mermelada-de-higo-extra","status":"publish","type":"product","link":"https:\/\/www.artesaniadelarioja.org\/conservas-juker\/producto\/mermelada-de-higo-extra\/","title":{"rendered":"Mermelada de Higo Extra"},"content":{"rendered":"<p><span style=\"text-decoration: underline;\">Ingredientes: <\/span>Higo (65,00%), az\u00facar (29,92%), agua, espesante (pectina de c\u00edtricos) y zumo de lim\u00f3n.<\/p>\n<p><span style=\"text-decoration: underline;\">Envase:<\/span> 275ml\u00a0 \/\u00a0 <span style=\"text-decoration: underline;\">Peso neto:<\/span> 290g<\/p>\n<p><span style=\"text-decoration: underline;\">Valores nutricionales medios por 100g de producto:<\/span> Valor energ\u00e9tico:\u00a0 614,9 KJ \u2013 145 Kcal\u00a0 <span style=\"color: #ff9900;\">\/\/\u00a0<\/span> Grasas: &lt;0,50g de las cuales saturadas: 0g\u00a0<span style=\"color: #ff9900;\"> \/\/\u00a0<\/span> Hidratos de Carbono: 34,20g de los cuales az\u00facares: 29,92g\u00a0<span style=\"color: #ff9900;\"> \/\/<\/span>\u00a0 Fibra Alimentaria: 2,70g\u00a0 <span style=\"color: #ff9900;\">\/\/<\/span> Prote\u00ednas: 0,70g\u00a0 <span style=\"color: #ff9900;\">\/\/<\/span>\u00a0 Sal: 0,04g<\/p>\n<p><span style=\"text-decoration: underline;\">Almacenamiento y conservaci\u00f3n:<\/span> Antes de abrir: evitar golpes que provoquen perdida del vac\u00edo. Proteger de la humedad, de la luz directa del sol y temperaturas extremas. Despu\u00e9s de abrir: conservar refrigerado y consumir en un plazo de siete d\u00edas.<\/p>\n<p>Mermelada natural de higo, elaborada sin conservantes ni colorantes.<\/p>\n","protected":false},"excerpt":{"rendered":"<p>Ingredientes: Higo (65,00%), az\u00facar (29,92%), agua, espesante (pectina de c\u00edtricos) y zumo de lim\u00f3n. Envase: 275ml\u00a0 \/\u00a0 Peso neto: 290g Valores nutricionales medios por 100g de producto: Valor energ\u00e9tico:\u00a0 614,9 KJ \u2013 145 Kcal\u00a0 \/\/\u00a0 Grasas: &lt;0,50g de las cuales saturadas: 0g\u00a0 \/\/\u00a0 Hidratos de Carbono: 34,20g de los cuales az\u00facares: 29,92g\u00a0 \/\/\u00a0 Fibra Alimentaria: [&hellip;]<\/p>\n","protected":false},"featured_media":272,"comment_status":"open","ping_status":"closed","template":"","meta":[],"product_cat":[14],"product_tag":[98,18,101,44],"class_list":["post-265","product","type-product","status-publish","has-post-thumbnail","hentry","product_cat-mermeladas","product_tag-275ml","product_tag-extra","product_tag-higo","product_tag-mermelada"],"_links":{"self":[{"href":"https:\/\/www.artesaniadelarioja.org\/conservas-juker\/wp-json\/wp\/v2\/product\/265","targetHints":{"allow":["GET"]}}],"collection":[{"href":"https:\/\/www.artesaniadelarioja.org\/conservas-juker\/wp-json\/wp\/v2\/product"}],"about":[{"href":"https:\/\/www.artesaniadelarioja.org\/conservas-juker\/wp-json\/wp\/v2\/types\/product"}],"replies":[{"embeddable":true,"href":"https:\/\/www.artesaniadelarioja.org\/conservas-juker\/wp-json\/wp\/v2\/comments?post=265"}],"wp:featuredmedia":[{"embeddable":true,"href":"https:\/\/www.artesaniadelarioja.org\/conservas-juker\/wp-json\/wp\/v2\/media\/272"}],"wp:attachment":[{"href":"https:\/\/www.artesaniadelarioja.org\/conservas-juker\/wp-json\/wp\/v2\/media?parent=265"}],"wp:term":[{"taxonomy":"product_cat","embeddable":true,"href":"https:\/\/www.artesaniadelarioja.org\/conservas-juker\/wp-json\/wp\/v2\/product_cat?post=265"},{"taxonomy":"product_tag","embeddable":true,"href":"https:\/\/www.artesaniadelarioja.org\/conservas-juker\/wp-json\/wp\/v2\/product_tag?post=265"}],"curies":[{"name":"wp","href":"https:\/\/api.w.org\/{rel}","templated":true}]}}