{"id":24,"date":"2017-09-04T09:10:55","date_gmt":"2017-09-04T09:10:55","guid":{"rendered":"http:\/\/www.wicomgroup.es\/artesania\/horno-arguinano\/?post_type=product&#038;p=24"},"modified":"2025-04-23T09:36:35","modified_gmt":"2025-04-23T09:36:35","slug":"turron-de-ponche-y-chocolate","status":"publish","type":"product","link":"https:\/\/www.artesaniadelarioja.org\/conservas-juker\/producto\/turron-de-ponche-y-chocolate\/","title":{"rendered":"Cardo al Natural 720ml"},"content":{"rendered":"<p><span style=\"text-decoration: underline;\">Ingredientes:<\/span> Cardo, agua y sal.<\/p>\n<p>Puede contener trazas de: <strong>LACTEOS y SULFITOS.<\/strong><\/p>\n<p><span style=\"text-decoration: underline;\">Envase:<\/span> 720ml\u00a0 \/\u00a0<span style=\"text-decoration: underline;\"> Peso neto:<\/span> 660g\u00a0 \/\u00a0 <span style=\"text-decoration: underline;\">Peso escurrido:<\/span> 410g<\/p>\n<p><span style=\"text-decoration: underline;\">Valores nutricionales medios por 100g de producto:<\/span> Valor energ\u00e9tico:\u00a0 73 KJ \u2013 17 Kcal\u00a0 <span style=\"color: #ff9900;\">\/\/<\/span>\u00a0 Grasas: 0g. de las cuales saturadas: 0g\u00a0<span style=\"color: #ff9900;\"> \/\/\u00a0<\/span> Hidratos de Carbono: 3,3g de los cuales az\u00facares: 0g\u00a0<span style=\"color: #ff9900;\"> \/\/\u00a0<\/span> Fibra Alimentaria: 1,1g\u00a0 <span style=\"color: #ff9900;\">\/\/<\/span> Prote\u00ednas: 0,5g\u00a0<span style=\"color: #ff9900;\"> \/\/\u00a0<\/span> Sal: 0,87g<\/p>\n<p><span style=\"text-decoration: underline;\">Almacenamiento y conservaci\u00f3n:<\/span> Antes de abrir: evitar golpes que provoquen perdida del vac\u00edo. Proteger de la humedad, de la luz directa del sol y temperaturas extremas. Despu\u00e9s de abrir: conservar refrigerado y consumir en un plazo de cuatro d\u00edas.<\/p>\n<p>Cardo de primera calidad, recolectado en la huerta riojana y elaborado exclusivamente con agua y sal. Pelado y troceado a mano.<\/p>\n","protected":false},"excerpt":{"rendered":"<p>Ingredientes: Cardo, agua y sal. Puede contener trazas de: LACTEOS y SULFITOS. Envase: 720ml\u00a0 \/\u00a0 Peso neto: 660g\u00a0 \/\u00a0 Peso escurrido: 410g Valores nutricionales medios por 100g de producto: Valor energ\u00e9tico:\u00a0 73 KJ \u2013 17 Kcal\u00a0 \/\/\u00a0 Grasas: 0g. de las cuales saturadas: 0g\u00a0 \/\/\u00a0 Hidratos de Carbono: 3,3g de los cuales az\u00facares: 0g\u00a0 \/\/\u00a0 [&hellip;]<\/p>\n","protected":false},"featured_media":655,"comment_status":"open","ping_status":"closed","template":"","meta":[],"product_cat":[11],"product_tag":[19,17,22],"class_list":["post-24","product","type-product","status-publish","has-post-thumbnail","hentry","product_cat-verduras","product_tag-720-ml","product_tag-al-natural","product_tag-cardo"],"_links":{"self":[{"href":"https:\/\/www.artesaniadelarioja.org\/conservas-juker\/wp-json\/wp\/v2\/product\/24","targetHints":{"allow":["GET"]}}],"collection":[{"href":"https:\/\/www.artesaniadelarioja.org\/conservas-juker\/wp-json\/wp\/v2\/product"}],"about":[{"href":"https:\/\/www.artesaniadelarioja.org\/conservas-juker\/wp-json\/wp\/v2\/types\/product"}],"replies":[{"embeddable":true,"href":"https:\/\/www.artesaniadelarioja.org\/conservas-juker\/wp-json\/wp\/v2\/comments?post=24"}],"wp:featuredmedia":[{"embeddable":true,"href":"https:\/\/www.artesaniadelarioja.org\/conservas-juker\/wp-json\/wp\/v2\/media\/655"}],"wp:attachment":[{"href":"https:\/\/www.artesaniadelarioja.org\/conservas-juker\/wp-json\/wp\/v2\/media?parent=24"}],"wp:term":[{"taxonomy":"product_cat","embeddable":true,"href":"https:\/\/www.artesaniadelarioja.org\/conservas-juker\/wp-json\/wp\/v2\/product_cat?post=24"},{"taxonomy":"product_tag","embeddable":true,"href":"https:\/\/www.artesaniadelarioja.org\/conservas-juker\/wp-json\/wp\/v2\/product_tag?post=24"}],"curies":[{"name":"wp","href":"https:\/\/api.w.org\/{rel}","templated":true}]}}