{"id":23,"date":"2017-09-04T09:09:12","date_gmt":"2017-09-04T09:09:12","guid":{"rendered":"http:\/\/www.wicomgroup.es\/artesania\/horno-arguinano\/?post_type=product&#038;p=23"},"modified":"2025-02-05T15:37:23","modified_gmt":"2025-02-05T15:37:23","slug":"panallets-mazapan","status":"publish","type":"product","link":"https:\/\/www.artesaniadelarioja.org\/conservas-juker\/producto\/panallets-mazapan\/","title":{"rendered":"Melocot\u00f3n en Almibar Ligero Primera 720ml"},"content":{"rendered":"<p><span style=\"text-decoration: underline;\">Ingredientes:<\/span> Melocot\u00f3n, agua y az\u00facar.\u00a0(Alm\u00edbar ligero entre 14<strong>\u00b0<\/strong> y 17<strong>\u00b0<\/strong> Brix).<\/p>\n<p><span style=\"text-decoration: underline;\">Envase:<\/span> 720ml\u00a0 \/\u00a0 <span style=\"text-decoration: underline;\">Peso neto:<\/span> 700g\u00a0 \/\u00a0 <span style=\"text-decoration: underline;\">Peso escurrido:<\/span> 400g<\/p>\n<p><span style=\"text-decoration: underline;\">Valores nutricionales medios por 100g de producto:<\/span> Valor energ\u00e9tico:\u00a0 248 KJ \u2013 59 Kcal <span style=\"color: #ff9900;\">\/\/\u00a0<\/span> Grasas: 0g de las cuales saturadas: 0g\u00a0 <span style=\"color: #ff9900;\">\/\/<\/span>\u00a0 Hidratos de Carbono: 14g de los cuales az\u00facares: 14g\u00a0<span style=\"color: #ff9900;\"> \/\/<\/span>\u00a0 Fibra Alimentaria: 1,3g\u00a0<span style=\"color: #ff9900;\"> \/\/<\/span> Prote\u00ednas: 0g\u00a0 <span style=\"color: #ff9900;\">\/\/<\/span>\u00a0 Sal: 0,01g<\/p>\n<p><span style=\"text-decoration: underline;\">Almacenamiento y conservaci\u00f3n:<\/span> Antes de abrir: evitar golpes que provoquen perdida del vac\u00edo. Proteger de la humedad, de la luz directa del sol y temperaturas extremas. Despu\u00e9s de abrir: conservar refrigerado y consumir en un plazo de cuatro d\u00edas.<\/p>\n<p>Melocot\u00f3n de primera calidad en alm\u00edbar ligero, aportando un suave sabor dulce. Sin conservantes ni colorantes.<\/p>\n","protected":false},"excerpt":{"rendered":"<p>Ingredientes: Melocot\u00f3n, agua y az\u00facar.\u00a0(Alm\u00edbar ligero entre 14\u00b0 y 17\u00b0 Brix). Envase: 720ml\u00a0 \/\u00a0 Peso neto: 700g\u00a0 \/\u00a0 Peso escurrido: 400g Valores nutricionales medios por 100g de producto: Valor energ\u00e9tico:\u00a0 248 KJ \u2013 59 Kcal \/\/\u00a0 Grasas: 0g de las cuales saturadas: 0g\u00a0 \/\/\u00a0 Hidratos de Carbono: 14g de los cuales az\u00facares: 14g\u00a0 \/\/\u00a0 Fibra [&hellip;]<\/p>\n","protected":false},"featured_media":62,"comment_status":"open","ping_status":"closed","template":"","meta":[],"product_cat":[11],"product_tag":[19,24,25,23,26],"class_list":["post-23","product","type-product","status-publish","has-post-thumbnail","hentry","product_cat-verduras","product_tag-720-ml","product_tag-almibar","product_tag-ligero","product_tag-melocoton","product_tag-primera"],"_links":{"self":[{"href":"https:\/\/www.artesaniadelarioja.org\/conservas-juker\/wp-json\/wp\/v2\/product\/23","targetHints":{"allow":["GET"]}}],"collection":[{"href":"https:\/\/www.artesaniadelarioja.org\/conservas-juker\/wp-json\/wp\/v2\/product"}],"about":[{"href":"https:\/\/www.artesaniadelarioja.org\/conservas-juker\/wp-json\/wp\/v2\/types\/product"}],"replies":[{"embeddable":true,"href":"https:\/\/www.artesaniadelarioja.org\/conservas-juker\/wp-json\/wp\/v2\/comments?post=23"}],"wp:featuredmedia":[{"embeddable":true,"href":"https:\/\/www.artesaniadelarioja.org\/conservas-juker\/wp-json\/wp\/v2\/media\/62"}],"wp:attachment":[{"href":"https:\/\/www.artesaniadelarioja.org\/conservas-juker\/wp-json\/wp\/v2\/media?parent=23"}],"wp:term":[{"taxonomy":"product_cat","embeddable":true,"href":"https:\/\/www.artesaniadelarioja.org\/conservas-juker\/wp-json\/wp\/v2\/product_cat?post=23"},{"taxonomy":"product_tag","embeddable":true,"href":"https:\/\/www.artesaniadelarioja.org\/conservas-juker\/wp-json\/wp\/v2\/product_tag?post=23"}],"curies":[{"name":"wp","href":"https:\/\/api.w.org\/{rel}","templated":true}]}}