{"id":169,"date":"2018-02-26T09:31:54","date_gmt":"2018-02-26T09:31:54","guid":{"rendered":"http:\/\/www.artesaniadelarioja.org\/conservas-juker\/?post_type=product&#038;p=169"},"modified":"2025-04-23T10:04:27","modified_gmt":"2025-04-23T10:04:27","slug":"alubia-roja","status":"publish","type":"product","link":"https:\/\/www.artesaniadelarioja.org\/conservas-juker\/producto\/alubia-roja\/","title":{"rendered":"Alubia Roja 720ml"},"content":{"rendered":"<p><span style=\"text-decoration: underline;\">Ingredientes:<\/span> Alubia roja, agua y sal.<\/p>\n<p>Puede contener trazas de: <strong>LACTEOS y SULFITOS.<\/strong><\/p>\n<p><span style=\"text-decoration: underline;\">Envase:<\/span> 720ml\u00a0 \/\u00a0 <span style=\"text-decoration: underline;\">Peso neto:<\/span> 660g\u00a0 \/\u00a0 <span style=\"text-decoration: underline;\">Peso escurrido:<\/span> 425g<\/p>\n<p><span style=\"text-decoration: underline;\">Valores nutricionales medios por 100g de producto:<\/span> Valor energ\u00e9tico:\u00a0 289 KJ \u2013 69 Kcal\u00a0 <span style=\"color: #ff9900;\">\/\/<\/span>\u00a0 Grasas: &lt;0,50g. de las cuales saturadas: 0g\u00a0<span style=\"color: #ff9900;\"> \/\/\u00a0<\/span> Hidratos de Carbono: 9,3g de los cuales az\u00facares: 2,4g\u00a0 <span style=\"color: #ff9900;\">\/\/\u00a0<\/span> Fibra Alimentaria: 4,7g\u00a0<span style=\"color: #ff9900;\"> \/\/<\/span> Prote\u00ednas: 5,5g\u00a0 <span style=\"color: #ff9900;\">\/\/\u00a0<\/span> Sal: 0,82g<\/p>\n<p><span style=\"text-decoration: underline;\">Almacenamiento y conservaci\u00f3n:<\/span> Antes de abrir: evitar golpes que provoquen perdida del vac\u00edo. Proteger de la humedad, de la luz directa del sol y temperaturas extremas. Despu\u00e9s de abrir: conservar refrigerado y consumir en un plazo de tres d\u00edas.<\/p>\n<p>Alubia roja de primera calidad, cocida y lista para consumir sola o en platos variados.<\/p>\n<p>&nbsp;<\/p>\n","protected":false},"excerpt":{"rendered":"<p>Ingredientes: Alubia roja, agua y sal. Puede contener trazas de: LACTEOS y SULFITOS. Envase: 720ml\u00a0 \/\u00a0 Peso neto: 660g\u00a0 \/\u00a0 Peso escurrido: 425g Valores nutricionales medios por 100g de producto: Valor energ\u00e9tico:\u00a0 289 KJ \u2013 69 Kcal\u00a0 \/\/\u00a0 Grasas: &lt;0,50g. de las cuales saturadas: 0g\u00a0 \/\/\u00a0 Hidratos de Carbono: 9,3g de los cuales az\u00facares: 2,4g\u00a0 [&hellip;]<\/p>\n","protected":false},"featured_media":185,"comment_status":"open","ping_status":"closed","template":"","meta":[],"product_cat":[12],"product_tag":[64,31,51],"class_list":["post-169","product","type-product","status-publish","has-post-thumbnail","hentry","product_cat-legumbres","product_tag-720ml","product_tag-alubia","product_tag-roja"],"_links":{"self":[{"href":"https:\/\/www.artesaniadelarioja.org\/conservas-juker\/wp-json\/wp\/v2\/product\/169","targetHints":{"allow":["GET"]}}],"collection":[{"href":"https:\/\/www.artesaniadelarioja.org\/conservas-juker\/wp-json\/wp\/v2\/product"}],"about":[{"href":"https:\/\/www.artesaniadelarioja.org\/conservas-juker\/wp-json\/wp\/v2\/types\/product"}],"replies":[{"embeddable":true,"href":"https:\/\/www.artesaniadelarioja.org\/conservas-juker\/wp-json\/wp\/v2\/comments?post=169"}],"wp:featuredmedia":[{"embeddable":true,"href":"https:\/\/www.artesaniadelarioja.org\/conservas-juker\/wp-json\/wp\/v2\/media\/185"}],"wp:attachment":[{"href":"https:\/\/www.artesaniadelarioja.org\/conservas-juker\/wp-json\/wp\/v2\/media?parent=169"}],"wp:term":[{"taxonomy":"product_cat","embeddable":true,"href":"https:\/\/www.artesaniadelarioja.org\/conservas-juker\/wp-json\/wp\/v2\/product_cat?post=169"},{"taxonomy":"product_tag","embeddable":true,"href":"https:\/\/www.artesaniadelarioja.org\/conservas-juker\/wp-json\/wp\/v2\/product_tag?post=169"}],"curies":[{"name":"wp","href":"https:\/\/api.w.org\/{rel}","templated":true}]}}