{"id":151,"date":"2018-02-23T07:06:37","date_gmt":"2018-02-23T07:06:37","guid":{"rendered":"http:\/\/www.artesaniadelarioja.org\/conservas-juker\/?post_type=product&#038;p=151"},"modified":"2025-04-23T13:04:33","modified_gmt":"2025-04-23T13:04:33","slug":"cocido-madrileno","status":"publish","type":"product","link":"https:\/\/www.artesaniadelarioja.org\/conservas-juker\/producto\/cocido-madrileno\/","title":{"rendered":"Cocido Madrile\u00f1o 720ml"},"content":{"rendered":"<p><span style=\"text-decoration: underline;\">Ingredientes:<\/span>\u00a0Garbanzo, magro de vaca, patata, berza, zanahoria, chorizo de cerdo, panceta de cerdo ahumada, agua, cebolla, aceite de oliva, sal, piment\u00f3n y antioxidante (<strong>metabisulfito de sodio<\/strong>).<\/p>\n<p>Contiene: <strong>SULFITOS.<\/strong><\/p>\n<p><span style=\"text-decoration: underline;\">Envase:<\/span> 720ml\u00a0 \/\u00a0 <span style=\"text-decoration: underline;\">Peso neto:<\/span> 660g<\/p>\n<p><span style=\"text-decoration: underline;\">Valores nutricionales medios por 100g de producto:<\/span> Valor energ\u00e9tico:\u00a0 382,6 KJ \u2013 91,5 Kcal\u00a0 <span style=\"color: #ff9900;\">\/\/\u00a0<\/span> Grasas: 3,9g. de las cuales saturadas: 0,99g\u00a0 <span style=\"color: #ff9900;\">\/\/\u00a0<\/span> Hidratos de Carbono: 6,8g de los cuales az\u00facares: &lt;0,50g\u00a0<span style=\"color: #ff9900;\"> \/\/\u00a0<\/span> Fibra Alimentaria: 2,8g\u00a0 <span style=\"color: #ff9900;\">\/\/<\/span> Prote\u00ednas: 5,9g\u00a0<span style=\"color: #ff9900;\"> \/\/\u00a0<\/span> Sal: 1,0g<\/p>\n<p><span style=\"text-decoration: underline;\">Almacenamiento y conservaci\u00f3n:<\/span> Antes de abrir: evitar golpes que provoquen perdida del vac\u00edo. Proteger de la humedad, de la luz directa del sol y temperaturas extremas. Despu\u00e9s de abrir: conservar refrigerado y consumir en un plazo de tres d\u00edas.<\/p>\n<p>&nbsp;<\/p>\n<p>El cocido m\u00e1s famoso de Madrid, elaborado con garbanzo lechoso de primera calidad, carnes y embutidos asturianos y las mejores verduras recolectadas en la huerta riojana.<\/p>\n","protected":false},"excerpt":{"rendered":"<p>Ingredientes:\u00a0Garbanzo, magro de vaca, patata, berza, zanahoria, chorizo de cerdo, panceta de cerdo ahumada, agua, cebolla, aceite de oliva, sal, piment\u00f3n y antioxidante (metabisulfito de sodio). Contiene: SULFITOS. Envase: 720ml\u00a0 \/\u00a0 Peso neto: 660g Valores nutricionales medios por 100g de producto: Valor energ\u00e9tico:\u00a0 382,6 KJ \u2013 91,5 Kcal\u00a0 \/\/\u00a0 Grasas: 3,9g. de las cuales saturadas: [&hellip;]<\/p>\n","protected":false},"featured_media":229,"comment_status":"open","ping_status":"closed","template":"","meta":[],"product_cat":[15],"product_tag":[64,84,85],"class_list":["post-151","product","type-product","status-publish","has-post-thumbnail","hentry","product_cat-cocinados","product_tag-720ml","product_tag-cocido","product_tag-madrileno"],"_links":{"self":[{"href":"https:\/\/www.artesaniadelarioja.org\/conservas-juker\/wp-json\/wp\/v2\/product\/151","targetHints":{"allow":["GET"]}}],"collection":[{"href":"https:\/\/www.artesaniadelarioja.org\/conservas-juker\/wp-json\/wp\/v2\/product"}],"about":[{"href":"https:\/\/www.artesaniadelarioja.org\/conservas-juker\/wp-json\/wp\/v2\/types\/product"}],"replies":[{"embeddable":true,"href":"https:\/\/www.artesaniadelarioja.org\/conservas-juker\/wp-json\/wp\/v2\/comments?post=151"}],"wp:featuredmedia":[{"embeddable":true,"href":"https:\/\/www.artesaniadelarioja.org\/conservas-juker\/wp-json\/wp\/v2\/media\/229"}],"wp:attachment":[{"href":"https:\/\/www.artesaniadelarioja.org\/conservas-juker\/wp-json\/wp\/v2\/media?parent=151"}],"wp:term":[{"taxonomy":"product_cat","embeddable":true,"href":"https:\/\/www.artesaniadelarioja.org\/conservas-juker\/wp-json\/wp\/v2\/product_cat?post=151"},{"taxonomy":"product_tag","embeddable":true,"href":"https:\/\/www.artesaniadelarioja.org\/conservas-juker\/wp-json\/wp\/v2\/product_tag?post=151"}],"curies":[{"name":"wp","href":"https:\/\/api.w.org\/{rel}","templated":true}]}}