{"id":149,"date":"2018-02-23T07:03:30","date_gmt":"2018-02-23T07:03:30","guid":{"rendered":"http:\/\/www.artesaniadelarioja.org\/conservas-juker\/?post_type=product&#038;p=149"},"modified":"2025-10-03T04:15:44","modified_gmt":"2025-10-03T04:15:44","slug":"habitas-fritas-baby","status":"publish","type":"product","link":"https:\/\/www.artesaniadelarioja.org\/conservas-juker\/producto\/habitas-fritas-baby\/","title":{"rendered":"Habitas Fritas Baby 370ml"},"content":{"rendered":"<p><span style=\"text-decoration: underline;\">Ingredientes:<\/span> Habitas 70%, aceite de oliva virgen extra 27%, sal y antioxidante: \u00e1cido asc\u00f3rbico.<\/p>\n<p><span style=\"text-decoration: underline;\">Envase:<\/span> 370ml\u00a0 \/\u00a0 <span style=\"text-decoration: underline;\">Peso neto:<\/span> 330g\u00a0 \/\u00a0 <span style=\"text-decoration: underline;\">Peso escurrido:<\/span> 230<\/p>\n<p><span style=\"text-decoration: underline;\">Valores nutricionales medios por 100g de producto escurrido:<\/span> Valor energ\u00e9tico:\u00a0 425 KJ \u2013 102 Kcal\u00a0<span style=\"color: #ff9900;\"> \/\/\u00a0<\/span> Grasas: 5,3g. de las cuales saturadas: 0,7g\u00a0<span style=\"color: #ff9900;\"> \/\/\u00a0<\/span> Hidratos de Carbono: 7,2g de los cuales az\u00facares: 1,4g\u00a0<span style=\"color: #ff9900;\"> \/\/\u00a0<\/span> Fibra Alimentaria: 4,2g\u00a0 <span style=\"color: #ff9900;\">\/\/<\/span> Prote\u00ednas: 4,3g\u00a0 <span style=\"color: #ff9900;\">\/\/\u00a0<\/span> Sal: 0,42g<\/p>\n<p><span style=\"text-decoration: underline;\">Almacenamiento y conservaci\u00f3n:<\/span> Antes de abrir: evitar golpes que provoquen perdida del vac\u00edo. Proteger de la humedad, de la luz directa del sol y temperaturas extremas. Despu\u00e9s de abrir: conservar refrigerado y consumir en un plazo de cuatro d\u00edas.<\/p>\n<p>Habitas de 12 a 8 mm, fritas en sart\u00e9n con aceite de oliva virgen extra, hasta alcanzar la textura y el sabor id\u00f3neos. Las\u00a0habas m\u00e1s peque\u00f1as para satisfacer a los paladares m\u00e1s exigentes.<\/p>\n","protected":false},"excerpt":{"rendered":"<p>Ingredientes: Habitas 70%, aceite de oliva virgen extra 27%, sal y antioxidante: \u00e1cido asc\u00f3rbico. Envase: 370ml\u00a0 \/\u00a0 Peso neto: 330g\u00a0 \/\u00a0 Peso escurrido: 230 Valores nutricionales medios por 100g de producto escurrido: Valor energ\u00e9tico:\u00a0 425 KJ \u2013 102 Kcal\u00a0 \/\/\u00a0 Grasas: 5,3g. de las cuales saturadas: 0,7g\u00a0 \/\/\u00a0 Hidratos de Carbono: 7,2g de los cuales [&hellip;]<\/p>\n","protected":false},"featured_media":222,"comment_status":"open","ping_status":"closed","template":"","meta":[],"product_cat":[15],"product_tag":[94,83,82,81],"class_list":["post-149","product","type-product","status-publish","has-post-thumbnail","hentry","product_cat-cocinados","product_tag-370ml","product_tag-baby","product_tag-fritas","product_tag-habitas"],"_links":{"self":[{"href":"https:\/\/www.artesaniadelarioja.org\/conservas-juker\/wp-json\/wp\/v2\/product\/149","targetHints":{"allow":["GET"]}}],"collection":[{"href":"https:\/\/www.artesaniadelarioja.org\/conservas-juker\/wp-json\/wp\/v2\/product"}],"about":[{"href":"https:\/\/www.artesaniadelarioja.org\/conservas-juker\/wp-json\/wp\/v2\/types\/product"}],"replies":[{"embeddable":true,"href":"https:\/\/www.artesaniadelarioja.org\/conservas-juker\/wp-json\/wp\/v2\/comments?post=149"}],"wp:featuredmedia":[{"embeddable":true,"href":"https:\/\/www.artesaniadelarioja.org\/conservas-juker\/wp-json\/wp\/v2\/media\/222"}],"wp:attachment":[{"href":"https:\/\/www.artesaniadelarioja.org\/conservas-juker\/wp-json\/wp\/v2\/media?parent=149"}],"wp:term":[{"taxonomy":"product_cat","embeddable":true,"href":"https:\/\/www.artesaniadelarioja.org\/conservas-juker\/wp-json\/wp\/v2\/product_cat?post=149"},{"taxonomy":"product_tag","embeddable":true,"href":"https:\/\/www.artesaniadelarioja.org\/conservas-juker\/wp-json\/wp\/v2\/product_tag?post=149"}],"curies":[{"name":"wp","href":"https:\/\/api.w.org\/{rel}","templated":true}]}}