{"id":142,"date":"2018-02-22T07:43:59","date_gmt":"2018-02-22T07:43:59","guid":{"rendered":"http:\/\/www.artesaniadelarioja.org\/conservas-juker\/?post_type=product&#038;p=142"},"modified":"2025-01-09T16:23:37","modified_gmt":"2025-01-09T16:23:37","slug":"pastas-artesanas-con-arandanos","status":"publish","type":"product","link":"https:\/\/www.artesaniadelarioja.org\/conservas-juker\/producto\/pastas-artesanas-con-arandanos\/","title":{"rendered":"Pastas Artesanas con Ar\u00e1ndanos"},"content":{"rendered":"<p><span style=\"text-decoration: underline;\">Ingredientes:<\/span> Harina de <strong>trigo<\/strong>, <strong>mantequilla<\/strong>, ar\u00e1ndanos (21 %) (ar\u00e1ndanos, az\u00facar y aceite de girasol), az\u00facar y <strong>huevos<\/strong>.<\/p>\n<p><span style=\"text-decoration: underline;\">Peso neto:<\/span> 300g<\/p>\n<p><span style=\"text-decoration: underline;\">Valores nutricionales medios por 100g de producto:<\/span> Valor energ\u00e9tico:\u00a0 2130 KJ \u2013 509 Kcal\u00a0<span style=\"color: #ff9900;\"> \/\/\u00a0<\/span> Grasas: 25,9g de las cuales saturadas: 9,0g\u00a0<span style=\"color: #ff9900;\"> \/\/\u00a0<\/span> Hidratos de Carbono: 61,2g de los cuales az\u00facares: 25,0g\u00a0<span style=\"color: #ff9900;\"> \/\/\u00a0<\/span> Prote\u00ednas: 6,2g\u00a0 <span style=\"color: #ff9900;\">\/\/<\/span>\u00a0 Sal: 0,02g<\/p>\n<p><span style=\"text-decoration: underline;\">Almacenamiento y conservaci\u00f3n:<\/span> Proteger de la humedad, de la luz directa del sol y temperaturas extremas<\/p>\n<p>Pastas naturales elaboradas con ar\u00e1ndanos, sin conservantes ni colorantes.<\/p>\n","protected":false},"excerpt":{"rendered":"<p>Ingredientes: Harina de trigo, mantequilla, ar\u00e1ndanos (21 %) (ar\u00e1ndanos, az\u00facar y aceite de girasol), az\u00facar y huevos. Peso neto: 300g Valores nutricionales medios por 100g de producto: Valor energ\u00e9tico:\u00a0 2130 KJ \u2013 509 Kcal\u00a0 \/\/\u00a0 Grasas: 25,9g de las cuales saturadas: 9,0g\u00a0 \/\/\u00a0 Hidratos de Carbono: 61,2g de los cuales az\u00facares: 25,0g\u00a0 \/\/\u00a0 Prote\u00ednas: 6,2g\u00a0 [&hellip;]<\/p>\n","protected":false},"featured_media":255,"comment_status":"open","ping_status":"closed","template":"","meta":[],"product_cat":[75],"product_tag":[77,76],"class_list":["post-142","product","type-product","status-publish","has-post-thumbnail","hentry","product_cat-pastas","product_tag-arandanos","product_tag-pastas"],"_links":{"self":[{"href":"https:\/\/www.artesaniadelarioja.org\/conservas-juker\/wp-json\/wp\/v2\/product\/142","targetHints":{"allow":["GET"]}}],"collection":[{"href":"https:\/\/www.artesaniadelarioja.org\/conservas-juker\/wp-json\/wp\/v2\/product"}],"about":[{"href":"https:\/\/www.artesaniadelarioja.org\/conservas-juker\/wp-json\/wp\/v2\/types\/product"}],"replies":[{"embeddable":true,"href":"https:\/\/www.artesaniadelarioja.org\/conservas-juker\/wp-json\/wp\/v2\/comments?post=142"}],"wp:featuredmedia":[{"embeddable":true,"href":"https:\/\/www.artesaniadelarioja.org\/conservas-juker\/wp-json\/wp\/v2\/media\/255"}],"wp:attachment":[{"href":"https:\/\/www.artesaniadelarioja.org\/conservas-juker\/wp-json\/wp\/v2\/media?parent=142"}],"wp:term":[{"taxonomy":"product_cat","embeddable":true,"href":"https:\/\/www.artesaniadelarioja.org\/conservas-juker\/wp-json\/wp\/v2\/product_cat?post=142"},{"taxonomy":"product_tag","embeddable":true,"href":"https:\/\/www.artesaniadelarioja.org\/conservas-juker\/wp-json\/wp\/v2\/product_tag?post=142"}],"curies":[{"name":"wp","href":"https:\/\/api.w.org\/{rel}","templated":true}]}}