{"id":125,"date":"2018-02-21T07:03:55","date_gmt":"2018-02-21T07:03:55","guid":{"rendered":"http:\/\/www.artesaniadelarioja.org\/conservas-juker\/?post_type=product&#038;p=125"},"modified":"2026-04-20T09:01:04","modified_gmt":"2026-04-20T09:01:04","slug":"cebolla-caramelizada","status":"publish","type":"product","link":"https:\/\/www.artesaniadelarioja.org\/conservas-juker\/producto\/cebolla-caramelizada\/","title":{"rendered":"Cebolla Caramelizada 275ml"},"content":{"rendered":"<p><span style=\"text-decoration: underline;\">Ingredientes:<\/span> Cebolla (elaborado con 122g de cebolla por 100g de producto acabado), az\u00facar (24,4%), aceite de oliva y zumo de lim\u00f3n<\/p>\n<p><span style=\"text-decoration: underline;\">Envase:<\/span> 275ml\u00a0 \/\u00a0 <span style=\"text-decoration: underline;\">Peso neto:<\/span> 280g<\/p>\n<p><span style=\"text-decoration: underline;\">Valores nutricionales medios por 100g de producto:<\/span> Valor energ\u00e9tico:\u00a0 968,7 KJ \u2013 230,5 Kcal\u00a0 <span style=\"color: #ff9900;\">\/\/<\/span>\u00a0 Grasas: 7,2g. de las cuales saturadas: 1,14g\u00a0<span style=\"color: #ff9900;\"> \/\/\u00a0<\/span> Hidratos de Carbono: 38,8g de los cuales az\u00facares: 26,14g\u00a0 <span style=\"color: #ff9900;\">\/\/<\/span>\u00a0 Fibra Alimentaria: 3,6g\u00a0<span style=\"color: #ff9900;\"> \/\/<\/span> Prote\u00ednas: 0,82g\u00a0 <span style=\"color: #ff9900;\">\/\/\u00a0<\/span> Sal: 0g<\/p>\n<p><span style=\"text-decoration: underline;\">Almacenamiento y conservaci\u00f3n:<\/span> Antes de abrir: evitar golpes que provoquen perdida del vac\u00edo. Proteger de la humedad, de la luz directa del sol y temperaturas extremas. Despu\u00e9s de abrir: conservar refrigerado y consumir en un plazo de siete d\u00edas.<\/p>\n<p>Cebolla de primera calidad, cortada en juliana y pochada en aceite de oliva virgen extra con caramelo natural, elaborado a partir de az\u00facar de ca\u00f1a. Un capricho para endulzar cualquier plato.<\/p>\n","protected":false},"excerpt":{"rendered":"<p>Ingredientes: Cebolla (elaborado con 122g de cebolla por 100g de producto acabado), az\u00facar (24,4%), aceite de oliva y zumo de lim\u00f3n Envase: 275ml\u00a0 \/\u00a0 Peso neto: 280g Valores nutricionales medios por 100g de producto: Valor energ\u00e9tico:\u00a0 968,7 KJ \u2013 230,5 Kcal\u00a0 \/\/\u00a0 Grasas: 7,2g. de las cuales saturadas: 1,14g\u00a0 \/\/\u00a0 Hidratos de Carbono: 38,8g de [&hellip;]<\/p>\n","protected":false},"featured_media":234,"comment_status":"open","ping_status":"closed","template":"","meta":[],"product_cat":[15],"product_tag":[60,62,61],"class_list":["post-125","product","type-product","status-publish","has-post-thumbnail","hentry","product_cat-cocinados","product_tag-278ml","product_tag-caramelizada","product_tag-cebolla"],"_links":{"self":[{"href":"https:\/\/www.artesaniadelarioja.org\/conservas-juker\/wp-json\/wp\/v2\/product\/125","targetHints":{"allow":["GET"]}}],"collection":[{"href":"https:\/\/www.artesaniadelarioja.org\/conservas-juker\/wp-json\/wp\/v2\/product"}],"about":[{"href":"https:\/\/www.artesaniadelarioja.org\/conservas-juker\/wp-json\/wp\/v2\/types\/product"}],"replies":[{"embeddable":true,"href":"https:\/\/www.artesaniadelarioja.org\/conservas-juker\/wp-json\/wp\/v2\/comments?post=125"}],"wp:featuredmedia":[{"embeddable":true,"href":"https:\/\/www.artesaniadelarioja.org\/conservas-juker\/wp-json\/wp\/v2\/media\/234"}],"wp:attachment":[{"href":"https:\/\/www.artesaniadelarioja.org\/conservas-juker\/wp-json\/wp\/v2\/media?parent=125"}],"wp:term":[{"taxonomy":"product_cat","embeddable":true,"href":"https:\/\/www.artesaniadelarioja.org\/conservas-juker\/wp-json\/wp\/v2\/product_cat?post=125"},{"taxonomy":"product_tag","embeddable":true,"href":"https:\/\/www.artesaniadelarioja.org\/conservas-juker\/wp-json\/wp\/v2\/product_tag?post=125"}],"curies":[{"name":"wp","href":"https:\/\/api.w.org\/{rel}","templated":true}]}}