{"id":1013,"date":"2025-06-25T10:19:37","date_gmt":"2025-06-25T10:19:37","guid":{"rendered":"https:\/\/www.artesaniadelarioja.org\/conservas-juker\/?post_type=product&#038;p=1013"},"modified":"2025-06-25T10:19:37","modified_gmt":"2025-06-25T10:19:37","slug":"mermelada-de-melocoton-extra-con-fructosa","status":"publish","type":"product","link":"https:\/\/www.artesaniadelarioja.org\/conservas-juker\/producto\/mermelada-de-melocoton-extra-con-fructosa\/","title":{"rendered":"Mermelada de Melocot\u00f3n Extra con Fructosa"},"content":{"rendered":"<p>Ingredientes:<\/p>\n<p>Melocot\u00f3n (87%), fructosa (42%), agua, espesante (pectina de c\u00edtricos) y zumo de lim\u00f3n.<\/p>\n<p>Envase: 212ml\u00a0 \/\u00a0 Peso neto: 212g<\/p>\n<p>Valores nutricionales medios por 100g de producto: Valor energ\u00e9tico:\u00a0 735,2 KJ \u2013 173,2 Kcal\u00a0 \/\/\u00a0 Grasas: &lt;0,50g de las cuales saturadas: 0g\u00a0 \/\/\u00a0 Hidratos de Carbono: 41,50g de los cuales az\u00facares: 40,28g\u00a0 \/\/\u00a0 Fibra Alimentaria: 2,2g\u00a0 \/\/ Prote\u00ednas: 0,71g\u00a0 \/\/\u00a0 Sal: 0,02g<\/p>\n<p>Almacenamiento y conservaci\u00f3n: Antes de abrir: evitar golpes que provoquen perdida del vac\u00edo. Proteger de la humedad, de la luz directa del sol y temperaturas extremas. Despu\u00e9s de abrir: conservar refrigerado y consumir en un plazo de siete d\u00edas.<\/p>\n<p>Mermelada natural de melocot\u00f3n, elaborada sin conservantes ni colorantes.<\/p>\n","protected":false},"excerpt":{"rendered":"<p>Ingredientes: Melocot\u00f3n (87%), fructosa (42%), agua, espesante (pectina de c\u00edtricos) y zumo de lim\u00f3n. Envase: 212ml\u00a0 \/\u00a0 Peso neto: 212g Valores nutricionales medios por 100g de producto: Valor energ\u00e9tico:\u00a0 735,2 KJ \u2013 173,2 Kcal\u00a0 \/\/\u00a0 Grasas: &lt;0,50g de las cuales saturadas: 0g\u00a0 \/\/\u00a0 Hidratos de Carbono: 41,50g de los cuales az\u00facares: 40,28g\u00a0 \/\/\u00a0 Fibra Alimentaria: [&hellip;]<\/p>\n","protected":false},"featured_media":518,"comment_status":"open","ping_status":"closed","template":"","meta":[],"product_cat":[14],"product_tag":[72,18,111,23,44],"class_list":["post-1013","product","type-product","status-publish","has-post-thumbnail","hentry","product_cat-mermeladas","product_tag-212ml","product_tag-extra","product_tag-fructosa","product_tag-melocoton","product_tag-mermelada"],"_links":{"self":[{"href":"https:\/\/www.artesaniadelarioja.org\/conservas-juker\/wp-json\/wp\/v2\/product\/1013","targetHints":{"allow":["GET"]}}],"collection":[{"href":"https:\/\/www.artesaniadelarioja.org\/conservas-juker\/wp-json\/wp\/v2\/product"}],"about":[{"href":"https:\/\/www.artesaniadelarioja.org\/conservas-juker\/wp-json\/wp\/v2\/types\/product"}],"replies":[{"embeddable":true,"href":"https:\/\/www.artesaniadelarioja.org\/conservas-juker\/wp-json\/wp\/v2\/comments?post=1013"}],"wp:featuredmedia":[{"embeddable":true,"href":"https:\/\/www.artesaniadelarioja.org\/conservas-juker\/wp-json\/wp\/v2\/media\/518"}],"wp:attachment":[{"href":"https:\/\/www.artesaniadelarioja.org\/conservas-juker\/wp-json\/wp\/v2\/media?parent=1013"}],"wp:term":[{"taxonomy":"product_cat","embeddable":true,"href":"https:\/\/www.artesaniadelarioja.org\/conservas-juker\/wp-json\/wp\/v2\/product_cat?post=1013"},{"taxonomy":"product_tag","embeddable":true,"href":"https:\/\/www.artesaniadelarioja.org\/conservas-juker\/wp-json\/wp\/v2\/product_tag?post=1013"}],"curies":[{"name":"wp","href":"https:\/\/api.w.org\/{rel}","templated":true}]}}