{"id":1012,"date":"2025-06-25T10:07:54","date_gmt":"2025-06-25T10:07:54","guid":{"rendered":"https:\/\/www.artesaniadelarioja.org\/conservas-juker\/?post_type=product&#038;p=1012"},"modified":"2026-01-26T09:43:32","modified_gmt":"2026-01-26T09:43:32","slug":"mermelada-fresa-extra-con-fructosa","status":"publish","type":"product","link":"https:\/\/www.artesaniadelarioja.org\/conservas-juker\/producto\/mermelada-fresa-extra-con-fructosa\/","title":{"rendered":"Mermelada Fresa Extra con Fructosa"},"content":{"rendered":"<p>Ingredientes:Fresa (73%), fructosa (34%), agua, espesante (pectina de c\u00edtricos) y zumo de lim\u00f3n.<\/p>\n<p>Envase: 212ml\u00a0 \/\u00a0 Peso neto: 212g<\/p>\n<p>Valores nutricionales medios por 100g de producto: Valor energ\u00e9tico:\u00a0 631,8 KJ \u2013 148,8 Kcal\u00a0 \/\/\u00a0 Grasas: &lt;0,50g de las cuales saturadas: 0g\u00a0 \/\/\u00a0 Hidratos de Carbono: 36,6g de los cuales az\u00facares: 34,1g\u00a0 \/\/\u00a0 Fibra Alimentaria: 1,20g\u00a0 \/\/ Prote\u00ednas: &lt;0,50g\u00a0 \/\/\u00a0 Sal: 0,09g<\/p>\n<p>Almacenamiento y conservaci\u00f3n: Antes de abrir: evitar golpes que provoquen perdida del vac\u00edo. Proteger de la humedad, de la luz directa del sol y temperaturas extremas. Despu\u00e9s de abrir: conservar refrigerado y consumir en un plazo de siete d\u00edas.<br \/>\nMermelada natural de fresa elaborada sin conservantes ni colorantes.<\/p>\n","protected":false},"excerpt":{"rendered":"<p>Ingredientes:Fresa (73%), fructosa (34%), agua, espesante (pectina de c\u00edtricos) y zumo de lim\u00f3n. Envase: 212ml\u00a0 \/\u00a0 Peso neto: 212g Valores nutricionales medios por 100g de producto: Valor energ\u00e9tico:\u00a0 631,8 KJ \u2013 148,8 Kcal\u00a0 \/\/\u00a0 Grasas: &lt;0,50g de las cuales saturadas: 0g\u00a0 \/\/\u00a0 Hidratos de Carbono: 36,6g de los cuales az\u00facares: 34,1g\u00a0 \/\/\u00a0 Fibra Alimentaria: 1,20g\u00a0 [&hellip;]<\/p>\n","protected":false},"featured_media":516,"comment_status":"open","ping_status":"closed","template":"","meta":[],"product_cat":[14],"product_tag":[72,45,111,44],"class_list":["post-1012","product","type-product","status-publish","has-post-thumbnail","hentry","product_cat-mermeladas","product_tag-212ml","product_tag-fresa","product_tag-fructosa","product_tag-mermelada"],"_links":{"self":[{"href":"https:\/\/www.artesaniadelarioja.org\/conservas-juker\/wp-json\/wp\/v2\/product\/1012","targetHints":{"allow":["GET"]}}],"collection":[{"href":"https:\/\/www.artesaniadelarioja.org\/conservas-juker\/wp-json\/wp\/v2\/product"}],"about":[{"href":"https:\/\/www.artesaniadelarioja.org\/conservas-juker\/wp-json\/wp\/v2\/types\/product"}],"replies":[{"embeddable":true,"href":"https:\/\/www.artesaniadelarioja.org\/conservas-juker\/wp-json\/wp\/v2\/comments?post=1012"}],"wp:featuredmedia":[{"embeddable":true,"href":"https:\/\/www.artesaniadelarioja.org\/conservas-juker\/wp-json\/wp\/v2\/media\/516"}],"wp:attachment":[{"href":"https:\/\/www.artesaniadelarioja.org\/conservas-juker\/wp-json\/wp\/v2\/media?parent=1012"}],"wp:term":[{"taxonomy":"product_cat","embeddable":true,"href":"https:\/\/www.artesaniadelarioja.org\/conservas-juker\/wp-json\/wp\/v2\/product_cat?post=1012"},{"taxonomy":"product_tag","embeddable":true,"href":"https:\/\/www.artesaniadelarioja.org\/conservas-juker\/wp-json\/wp\/v2\/product_tag?post=1012"}],"curies":[{"name":"wp","href":"https:\/\/api.w.org\/{rel}","templated":true}]}}